{"id":1876,"date":"2019-01-16T20:48:34","date_gmt":"2019-01-16T19:48:34","guid":{"rendered":"http:\/\/luebecker-bucht-lokal.de\/senioren-beirat\/?page_id=1876"},"modified":"2026-03-02T16:25:04","modified_gmt":"2026-03-02T15:25:04","slug":"funktionsbereiche","status":"publish","type":"page","link":"http:\/\/luebecker-bucht-lokal.de\/senioren-beirat\/funktionsbereiche\/","title":{"rendered":"Funktionsbereiche"},"content":{"rendered":"<p><strong>Informieren Sie sich im Rats- und B\u00fcrgerinformationssystem der Gemeinde Timmendorfer Strand. <a href=\"https:\/\/timmendorfer-strand.more-rubin1.de\/\" target=\"_blank\" rel=\"noopener noreferrer\">Hier<\/a> k\u00f6nnen Sie nach relevanten Themen f\u00fcr Senior*innen recherchieren.<\/strong><\/p>\n<p><strong>Hauptausschuss<\/strong> B. Rieger<\/p>\n<p>B\u00e4rbel Rieger<br \/>\n23669 Timmendorfer Strand<br \/>\nbaerbel.rieger(at)gmx.de<br \/>\n01731539373<\/p>\n<p>Aufgabengebiet:\u00a0nach \u00a7 45b Gemeindeordnung (GO), \u00a7 9 der Hauptsatzung, Finanz- und Abgabewesen, Steuern, Pr\u00fcfung des Jahresabschlusses, Belegpr\u00fcfung, Wirtschaftsf\u00f6rderung (ohne Tourismus), Grundst\u00fccksangelegenheiten, Feuerwehrwesen<\/p>\n<p>Im<a href=\"https:\/\/timmendorfer-strand.more-rubin1.de\/index.php\" target=\"_blank\" rel=\"noopener noreferrer\">\u00a0Rats- und B\u00fcrgerinformationssystem der Gemeinde Timmendorfer Strand<\/a>\u00a0k\u00f6nnen Sie nach Vorlagen, Sitzungen, Niederschriften und Beschl\u00fcssen recherchieren. Des Weiteren erhalten Sie einen \u00dcberblick \u00fcber die n\u00e4chsten Sitzungstermine.<\/p>\n<p><strong>Finanzausschuss<\/strong> B. Rieger<\/p>\n<p>B\u00e4rbel Rieger<br \/>\n23669 Timmendorfer Strand<br \/>\nbaerbel.rieger(at)gmx.de<br \/>\n01731539373<\/p>\n<p>Aufgabengebiet:\u00a0Finanz- und Abgabewesen ohne Stra\u00dfen- und Kanalausbauabgaben, Steuern, Pr\u00fcfung des Jahresabschlusses, Belegpr\u00fcfung<\/p>\n<p>Im<a href=\"https:\/\/timmendorfer-strand.more-rubin1.de\/index.php\" target=\"_blank\" rel=\"noopener noreferrer\">\u00a0Rats- und B\u00fcrgerinformationssystem der Gemeinde Timmendorfer Strand<\/a>\u00a0k\u00f6nnen Sie nach Vorlagen, Sitzungen, Niederschriften und Beschl\u00fcssen recherchieren. Des Weiteren erhalten Sie einen \u00dcberblick \u00fcber die n\u00e4chsten Sitzungstermine.<\/p>\n<p><strong>Sozialausschuss<\/strong> B. Rieger, S. Lange<\/p>\n<p>B\u00e4rbel Rieger<br \/>\n23669 Timmendorfer Strand<br \/>\nbaerbel.rieger(at)gmx.de<br \/>\n01731539373<\/p>\n<p>Sigrid Lange<br \/>\n23669 Timmendorfer Strand<br \/>\n01520 4284880<br \/>\nsiggilange(at)arcor.de<\/p>\n<p>Aufgabengebiet:\u00a0Sozialwesen, Angelegenheiten der Kindertagesst\u00e4tten, Wohnungswesen, Gesundheitswesen, Schulwesen, Kultur- und Gemeinschaftswesen, B\u00fcchereiwesen, Heimatpflege, Patenschaften, Angelegenheiten von Seniorinnen und Senioren, Angelegenheiten von Menschen mit Migrationshintergrund, mit Behinderungen, Inklusion, Gemeindearchiv, Jugend- und Sportangelegenheiten<\/p>\n<p>Im<a href=\"https:\/\/timmendorfer-strand.more-rubin1.de\/index.php\" target=\"_blank\" rel=\"noopener noreferrer\">\u00a0Rats- und B\u00fcrgerinformationssystem der Gemeinde Timmendorfer Strand<\/a>\u00a0k\u00f6nnen Sie nach Vorlagen, Sitzungen, Niederschriften und Beschl\u00fcssen recherchieren. Des Weiteren erhalten Sie einen \u00dcberblick \u00fcber die n\u00e4chsten Sitzungstermine.<\/p>\n<p><strong>Bauausschuss<\/strong> H. Skrobucha<\/p>\n<p>Horst Skrobucha<br \/>\n23669 Timmendorfer Strand<br \/>\n04503 8887969<br \/>\nkerstinboehme1(at)t-online.de<\/p>\n<p>Aufgabengebiet:\u00a0Bauwesen mit Ausnahme des technischen Geb\u00e4ude- und Energiemanagements, Bau-vorhaben, Bauleitplanung mit Ausnahme der Neuaufstellung und Fortschreibung des Landschaft- und Fl\u00e4chennutzungsplans, Stra\u00dfenbau, Stra\u00dfen- und Kanalbauabgaben<\/p>\n<p>Im<a href=\"https:\/\/timmendorfer-strand.more-rubin1.de\/index.php\" target=\"_blank\" rel=\"noopener noreferrer\">\u00a0Rats- und B\u00fcrgerinformationssystem der Gemeinde Timmendorfer Strand<\/a>\u00a0k\u00f6nnen Sie nach Vorlagen, Sitzungen, Niederschriften und Beschl\u00fcssen recherchieren. Des Weiteren erhalten Sie einen \u00dcberblick \u00fcber die n\u00e4chsten Sitzungstermine.<\/p>\n<p><strong>Ausschuss Energie, Umwelt und Verkehr<\/strong> A. M\u00f6ller, M. Melzer<\/p>\n<p>Angelika M\u00f6ller<br \/>\n23669 Timmendorfer Strand<br \/>\n04503 7071222<\/p>\n<p>Marga Melzer<br \/>\n23669 Timmendorfer Strand<br \/>\n017650742863<\/p>\n<p>Aufgabengebiet:\u00a0Natur- und Umweltschutz, Landschaftspflege, K\u00fcsten- und Hochwasserschutz, Klima-schutzmanagement, Immissionsschutz, Angelegenheiten nach der Agenda 2030, techni-sches Geb\u00e4ude- und Energiemanagement, Verkehrswesen, Digitalisierung, Energienetze, Feuerwehrwesen, Kleingartenwesen<\/p>\n<p>Im<a href=\"https:\/\/timmendorfer-strand.more-rubin1.de\/index.php\" target=\"_blank\" rel=\"noopener noreferrer\">\u00a0Rats- und B\u00fcrgerinformationssystem der Gemeinde Timmendorfer Strand<\/a>\u00a0k\u00f6nnen Sie nach Vorlagen, Sitzungen, Niederschriften und Beschl\u00fcssen recherchieren. Des Weiteren erhalten Sie einen \u00dcberblick \u00fcber die n\u00e4chsten Sitzungstermine.<\/p>\n<p><strong>Tourismusausschuss<\/strong> I. Galkowski, A. M\u00f6ller<\/p>\n<p>Ingeborg Galkowski<br \/>\n23669 Timmendorfer Strand<br \/>\n04503 \u00a0 7799820<\/p>\n<p>Angelika M\u00f6ller<br \/>\n23669 Timmendorfer Strand<br \/>\n04503 7071222<\/p>\n<p>Aufgabengebiet:\u00a0Wahrnehmung der durch die Betriebssatzung zugewiesenen Aufgaben in Angelegenheiten des Kurbetriebes, Wirtschaftsf\u00f6rderung durch den Tourismus, Planung touristischer Projekte<\/p>\n<p>Im<a href=\"https:\/\/timmendorfer-strand.more-rubin1.de\/index.php\" target=\"_blank\" rel=\"noopener noreferrer\">\u00a0Rats- und B\u00fcrgerinformationssystem der Gemeinde Timmendorfer Strand<\/a>\u00a0k\u00f6nnen Sie nach Vorlagen, Sitzungen, Niederschriften und Beschl\u00fcssen recherchieren. Des Weiteren erhalten Sie einen \u00dcberblick \u00fcber die n\u00e4chsten Sitzungstermine.<\/p>\n","protected":false},"excerpt":{"rendered":"<p>Informieren Sie sich im Rats- und B\u00fcrgerinformationssystem der Gemeinde Timmendorfer Strand. Hier k\u00f6nnen Sie nach relevanten Themen f\u00fcr Senior*innen recherchieren. Hauptausschuss B. Rieger B\u00e4rbel Rieger 23669 Timmendorfer Strand baerbel.rieger(at)gmx.de 01731539373 &#8230;<\/p>\n","protected":false},"author":1,"featured_media":1882,"parent":0,"menu_order":0,"comment_status":"closed","ping_status":"closed","template":"","meta":{"footnotes":""},"class_list":["post-1876","page","type-page","status-publish","has-post-thumbnail","hentry"],"_links":{"self":[{"href":"http:\/\/luebecker-bucht-lokal.de\/senioren-beirat\/wp-json\/wp\/v2\/pages\/1876","targetHints":{"allow":["GET"]}}],"collection":[{"href":"http:\/\/luebecker-bucht-lokal.de\/senioren-beirat\/wp-json\/wp\/v2\/pages"}],"about":[{"href":"http:\/\/luebecker-bucht-lokal.de\/senioren-beirat\/wp-json\/wp\/v2\/types\/page"}],"author":[{"embeddable":true,"href":"http:\/\/luebecker-bucht-lokal.de\/senioren-beirat\/wp-json\/wp\/v2\/users\/1"}],"replies":[{"embeddable":true,"href":"http:\/\/luebecker-bucht-lokal.de\/senioren-beirat\/wp-json\/wp\/v2\/comments?post=1876"}],"version-history":[{"count":24,"href":"http:\/\/luebecker-bucht-lokal.de\/senioren-beirat\/wp-json\/wp\/v2\/pages\/1876\/revisions"}],"predecessor-version":[{"id":2721,"href":"http:\/\/luebecker-bucht-lokal.de\/senioren-beirat\/wp-json\/wp\/v2\/pages\/1876\/revisions\/2721"}],"wp:featuredmedia":[{"embeddable":true,"href":"http:\/\/luebecker-bucht-lokal.de\/senioren-beirat\/wp-json\/wp\/v2\/media\/1882"}],"wp:attachment":[{"href":"http:\/\/luebecker-bucht-lokal.de\/senioren-beirat\/wp-json\/wp\/v2\/media?parent=1876"}],"curies":[{"name":"wp","href":"https:\/\/api.w.org\/{rel}","templated":true}]}}