{"id":1352,"date":"2017-12-18T22:13:19","date_gmt":"2017-12-18T21:13:19","guid":{"rendered":"http:\/\/luebecker-bucht-lokal.de\/senioren-beirat\/?page_id=1352"},"modified":"2017-12-31T16:11:55","modified_gmt":"2017-12-31T15:11:55","slug":"aktivitaeten","status":"publish","type":"page","link":"http:\/\/luebecker-bucht-lokal.de\/senioren-beirat\/aktivitaeten\/","title":{"rendered":"Aktivit\u00e4ten"},"content":{"rendered":"<p><strong>Was macht der Seniorenbeirat?<\/strong><\/p>\n<ol>\n<li>Er h\u00e4lt \u00f6ffentliche Sichtzungen ab.<\/li>\n<li>Er nimmt beratend an Sitzungen der Gemeindevertretung und deren Aussch\u00fcsse teil.<\/li>\n<li>Er vertritt die Gemeinde Timmendorfer Strand im Kreisseniorenbeirat Ostholstein sowie im Landesseniorenrat Schleswig-Holstein und nimmt an deren Sitzungen, Fortbildungen und Fachaussch\u00fcssen teil.<\/li>\n<li>Er veranstaltet Foren und Gespr\u00e4chskreise zu Senioren relevanten Themen.<\/li>\n<li>Er regt Initiativen an und unterst\u00fctzt sie.<\/li>\n<li>Er dr\u00e4ngt auf Senioren gerechte Angebote, Begleitung und Hilfen sowie abgestimmte Zusammenarbeit der Anbieter in Senioren relevanten Angelegenheiten.<\/li>\n<li>Er setzt sich f\u00fcr die Beseitigung von Missst\u00e4nden ein.<\/li>\n<li>Er sammelt Beispiele und Anregungen f\u00fcr generations\u00fcbergreifendes Zusammenleben in der Gemeinde Timmendorfer Strand.<\/li>\n<\/ol>\n","protected":false},"excerpt":{"rendered":"<p>Was macht der Seniorenbeirat? Er h\u00e4lt \u00f6ffentliche Sichtzungen ab. Er nimmt beratend an Sitzungen der Gemeindevertretung und deren Aussch\u00fcsse teil. Er vertritt die Gemeinde Timmendorfer Strand im Kreisseniorenbeirat Ostholstein sowie &#8230;<\/p>\n","protected":false},"author":1,"featured_media":1441,"parent":0,"menu_order":0,"comment_status":"closed","ping_status":"closed","template":"","meta":{"footnotes":""},"class_list":["post-1352","page","type-page","status-publish","has-post-thumbnail","hentry"],"_links":{"self":[{"href":"http:\/\/luebecker-bucht-lokal.de\/senioren-beirat\/wp-json\/wp\/v2\/pages\/1352","targetHints":{"allow":["GET"]}}],"collection":[{"href":"http:\/\/luebecker-bucht-lokal.de\/senioren-beirat\/wp-json\/wp\/v2\/pages"}],"about":[{"href":"http:\/\/luebecker-bucht-lokal.de\/senioren-beirat\/wp-json\/wp\/v2\/types\/page"}],"author":[{"embeddable":true,"href":"http:\/\/luebecker-bucht-lokal.de\/senioren-beirat\/wp-json\/wp\/v2\/users\/1"}],"replies":[{"embeddable":true,"href":"http:\/\/luebecker-bucht-lokal.de\/senioren-beirat\/wp-json\/wp\/v2\/comments?post=1352"}],"version-history":[{"count":3,"href":"http:\/\/luebecker-bucht-lokal.de\/senioren-beirat\/wp-json\/wp\/v2\/pages\/1352\/revisions"}],"predecessor-version":[{"id":1430,"href":"http:\/\/luebecker-bucht-lokal.de\/senioren-beirat\/wp-json\/wp\/v2\/pages\/1352\/revisions\/1430"}],"wp:featuredmedia":[{"embeddable":true,"href":"http:\/\/luebecker-bucht-lokal.de\/senioren-beirat\/wp-json\/wp\/v2\/media\/1441"}],"wp:attachment":[{"href":"http:\/\/luebecker-bucht-lokal.de\/senioren-beirat\/wp-json\/wp\/v2\/media?parent=1352"}],"curies":[{"name":"wp","href":"https:\/\/api.w.org\/{rel}","templated":true}]}}