{"id":1350,"date":"2017-12-18T22:10:58","date_gmt":"2017-12-18T21:10:58","guid":{"rendered":"http:\/\/luebecker-bucht-lokal.de\/senioren-beirat\/?page_id=1350"},"modified":"2017-12-18T22:10:58","modified_gmt":"2017-12-18T21:10:58","slug":"grundsaetze-und-aufgaben","status":"publish","type":"page","link":"http:\/\/luebecker-bucht-lokal.de\/senioren-beirat\/grundsaetze-und-aufgaben\/","title":{"rendered":"Grunds\u00e4tze und Aufgaben"},"content":{"rendered":"<p>Hier finden Sie die Grunds\u00e4tze und Aufgaben des Seniorenbeirates.<\/p>\n<h2>Grunds\u00e4tze<\/h2>\n<p>Der Seniorenbeirat ist unabh\u00e4ngig, parteipolitisch neutral und konfessionell nicht gebunden.<\/p>\n<p>Seine Mitglieder sind ehrenamtlich t\u00e4tig.<\/p>\n<p>Er wird von den Organen der Gemeinde und der Amtsverwaltung in seinem Wirken gef\u00f6rdert und unterst\u00fctzt, bei allen Senioren relevanten Angelegenheiten unterrichtet und in die Entscheidungsfindung einbezogen. Er selbst ist kein Organ der Gemeinde Timmendorfer Strand.<\/p>\n<p>Der Vorsitzende oder ein von ihm beauftragtes Mitglied des Beirates nimmt an den Sitzungen der Gemeindevertretung und der Aussch\u00fcsse teil. In Angelegenheiten, die den Beirat betreffen, kann das Mitglied des Beirats das Wort verlangen und Antr\u00e4ge stellen.<\/p>\n<h2>Aufgaben<\/h2>\n<p>Der Seniorenbeirat vertritt die Interessen und Anliegen der \u00e4lteren Einwohner (Senioren*) in den verschiedensten Bereichen der Kommunalpolitik und des Zusammenlebens in \u00dcbereinstimmung mit dem \u00a7 47 d Gemeindeordnung.<\/p>\n<p>Er informiert und ber\u00e4t Senioren in Angelegenheiten, die sie betreffen, f\u00f6rdert Angebote zur Mitwirkung, regt Initiativen zur Lebensgestaltung und Selbsthilfe an und erm\u00f6glicht die Beteiligung.<\/p>\n<p>Er arbeitet mit \u00f6ffentlichen und privaten Einrichtungen sowie Vereinen und Verb\u00e4nden zusammen, erbittet und empfiehlt geeignete Angebote f\u00fcr Senioren, ermuntert diese zur Teilnahme.<\/p>\n<p>Er nimmt an allen Angelegenheiten, die Senioren betreffen, beratend Stellung, gibt Empfehlungen ab, stellt Antr\u00e4ge an die Gemeindevertretung und deren Aussch\u00fcsse.<\/p>\n<p>Er erstellt einen T\u00e4tigkeitsbericht.<\/p>\n<p>Er betreibt \u00d6ffentlichkeitsarbeit und kann Sprechstunden abhalten.<\/p>\n<p>* Wir folgen der amtlichen Sprachregelung. Der Begriff Senioren umfasst Personen die das sechzigste Lebensjahr vollendet haben. Im \u00dcbrigen verwenden wir die in der deutschen Sprache herk\u00f6mmliche generische Form und meinen daher stets Frauen und M\u00e4nner.<\/p>\n","protected":false},"excerpt":{"rendered":"<p>Hier finden Sie die Grunds\u00e4tze und Aufgaben des Seniorenbeirates. Grunds\u00e4tze Der Seniorenbeirat ist unabh\u00e4ngig, parteipolitisch neutral und konfessionell nicht gebunden. Seine Mitglieder sind ehrenamtlich t\u00e4tig. Er wird von den Organen &#8230;<\/p>\n","protected":false},"author":1,"featured_media":0,"parent":0,"menu_order":0,"comment_status":"closed","ping_status":"closed","template":"","meta":{"footnotes":""},"class_list":["post-1350","page","type-page","status-publish","hentry"],"_links":{"self":[{"href":"http:\/\/luebecker-bucht-lokal.de\/senioren-beirat\/wp-json\/wp\/v2\/pages\/1350","targetHints":{"allow":["GET"]}}],"collection":[{"href":"http:\/\/luebecker-bucht-lokal.de\/senioren-beirat\/wp-json\/wp\/v2\/pages"}],"about":[{"href":"http:\/\/luebecker-bucht-lokal.de\/senioren-beirat\/wp-json\/wp\/v2\/types\/page"}],"author":[{"embeddable":true,"href":"http:\/\/luebecker-bucht-lokal.de\/senioren-beirat\/wp-json\/wp\/v2\/users\/1"}],"replies":[{"embeddable":true,"href":"http:\/\/luebecker-bucht-lokal.de\/senioren-beirat\/wp-json\/wp\/v2\/comments?post=1350"}],"version-history":[{"count":1,"href":"http:\/\/luebecker-bucht-lokal.de\/senioren-beirat\/wp-json\/wp\/v2\/pages\/1350\/revisions"}],"predecessor-version":[{"id":1351,"href":"http:\/\/luebecker-bucht-lokal.de\/senioren-beirat\/wp-json\/wp\/v2\/pages\/1350\/revisions\/1351"}],"wp:attachment":[{"href":"http:\/\/luebecker-bucht-lokal.de\/senioren-beirat\/wp-json\/wp\/v2\/media?parent=1350"}],"curies":[{"name":"wp","href":"https:\/\/api.w.org\/{rel}","templated":true}]}}