{"id":8,"date":"2017-09-15T19:42:33","date_gmt":"2017-09-15T17:42:33","guid":{"rendered":"http:\/\/luebecker-bucht-lokal.de\/ostseelauf\/?page_id=8"},"modified":"2025-12-04T07:59:12","modified_gmt":"2025-12-04T06:59:12","slug":"anmeldung","status":"publish","type":"page","link":"http:\/\/luebecker-bucht-lokal.de\/ostseelauf\/anmeldung\/","title":{"rendered":"Anmeldung"},"content":{"rendered":"<p><strong>Liebe L\u00e4uferinnen und L\u00e4ufer,<\/strong><\/p>\n<p>meldet Euch bitte nur <strong>online<\/strong> an:<\/p>\n<h3><a href=\"https:\/\/my.raceresult.com\/374372\/registration?lang=de\" target=\"_blank\" rel=\"noopener noreferrer\">Online-Anmeldung<\/a><\/h3>\n<p>Die Onlineanmeldung wird rechtzeitig vor dem Lauf ge\u00f6ffnet.<br \/>\nDie angemeldete Person ist erst nach Eingang des Startgeldes registriert. Die Startnummer ist personifiziert. Es besteht kein Anspruch auf Startgeldr\u00fcckgabe, wenn die angemeldete Person nicht starten kann oder der Lauf aus Gr\u00fcnden von h\u00f6herer Gewalt nicht stattfinden kann. Ummeldungen auf einen anderen Wettbewerb sind jederzeit m\u00f6glich, bei einer &#8222;Hochmeldung&#8220; ist dabei der Differenzbetrag zu zahlen, bei einer &#8222;Runtermeldung&#8220; erfolgt <u>keine<\/u>\u00a0Erstattung des Differenzbetrages.<br \/>\nDie Laufveranstaltung wird unter den zu dem Zeitpunkt g\u00fcltigen Corona-Bestimmungen durchgef\u00fchrt. Bitte entsprechende Hinweise auf dieser Homepage beachten.<\/p>\n<h3>Zeitmessung<\/h3>\n<p>Die Anmeldung und Zeitmessung erfolgt durch die Firma race result germany. Es wird ein Mattensystem eingesetzt. Es werden Brutto- und Nettozeiten beim Start erfasst. Dabei wird ein Einwegchip eingesetzt, dieser ist in der Startnummer integriert.<br \/>\n<strong><span style=\"color: #ff0000;\" data-darkreader-inline-color=\"\">!!! Die Startnummer darf nicht gefaltet oder geknickt werden !!!<\/span> <\/strong><br \/>\nDie Startnummern bekommen Sie mit den Startunterlagen ausgeh\u00e4ndigt. Beim Start- und Zieleinlauf wird ihre Startnummer und Laufzeit erfasst.<\/p>\n<h3>Meldeschluss ONLINE<\/h3>\n<p><span style=\"color: #ff0000;\" data-darkreader-inline-color=\"\"><strong>Samstag, 21. M\u00e4rz 2026, 23:59 Uhr<\/strong><\/span><br \/>\noder beim Erreichen des Teilnehmerlimits f\u00fcr die einzelnen Strecken.<\/p>\n<h3><img loading=\"lazy\" decoding=\"async\" class=\"alignnone size-medium wp-image-1408 alignleft\" src=\"http:\/\/luebecker-bucht-lokal.de\/ostseelauf\/wp-content\/uploads\/2017\/09\/startnummer-300x164.jpg\" alt=\"\" width=\"300\" height=\"164\" srcset=\"http:\/\/luebecker-bucht-lokal.de\/ostseelauf\/wp-content\/uploads\/2017\/09\/startnummer-300x164.jpg 300w, http:\/\/luebecker-bucht-lokal.de\/ostseelauf\/wp-content\/uploads\/2017\/09\/startnummer.jpg 640w\" sizes=\"auto, (max-width: 300px) 100vw, 300px\" \/>Letzte Anmeldem\u00f6glichkeit (Nachmeldung im Wettkampfb\u00fcro)<\/h3>\n<p><strong>Samstag, 15. M\u00e4rz 202<\/strong><strong>6<\/strong><strong>, 16 \u2013 19 Uhr<\/strong>, Sonntag, 22. M\u00e4rz 2026 bis ca. eine Stunde vor dem jeweiligen Lauf nur gegen Barzahlung.<br \/>\nAb 16. M\u00e4rz 2026 erh\u00f6ht sich die Startgeb\u00fchr f\u00fcr alle L\u00e4ufe um 3 \u20ac. Personalisierte Startnummern sind nur bis zum 15. M\u00e4rz 2026 m\u00f6glich.<\/p>\n","protected":false},"excerpt":{"rendered":"<p>Liebe L\u00e4uferinnen und L\u00e4ufer, meldet Euch bitte nur online an: Online-Anmeldung Die Onlineanmeldung wird rechtzeitig vor dem Lauf ge\u00f6ffnet. Die angemeldete Person ist erst nach Eingang des Startgeldes registriert. Die &#8230;<\/p>\n","protected":false},"author":1,"featured_media":0,"parent":0,"menu_order":0,"comment_status":"closed","ping_status":"closed","template":"","meta":{"footnotes":""},"class_list":["post-8","page","type-page","status-publish","hentry"],"_links":{"self":[{"href":"http:\/\/luebecker-bucht-lokal.de\/ostseelauf\/wp-json\/wp\/v2\/pages\/8","targetHints":{"allow":["GET"]}}],"collection":[{"href":"http:\/\/luebecker-bucht-lokal.de\/ostseelauf\/wp-json\/wp\/v2\/pages"}],"about":[{"href":"http:\/\/luebecker-bucht-lokal.de\/ostseelauf\/wp-json\/wp\/v2\/types\/page"}],"author":[{"embeddable":true,"href":"http:\/\/luebecker-bucht-lokal.de\/ostseelauf\/wp-json\/wp\/v2\/users\/1"}],"replies":[{"embeddable":true,"href":"http:\/\/luebecker-bucht-lokal.de\/ostseelauf\/wp-json\/wp\/v2\/comments?post=8"}],"version-history":[{"count":37,"href":"http:\/\/luebecker-bucht-lokal.de\/ostseelauf\/wp-json\/wp\/v2\/pages\/8\/revisions"}],"predecessor-version":[{"id":3139,"href":"http:\/\/luebecker-bucht-lokal.de\/ostseelauf\/wp-json\/wp\/v2\/pages\/8\/revisions\/3139"}],"wp:attachment":[{"href":"http:\/\/luebecker-bucht-lokal.de\/ostseelauf\/wp-json\/wp\/v2\/media?parent=8"}],"curies":[{"name":"wp","href":"https:\/\/api.w.org\/{rel}","templated":true}]}}