{"id":3170,"date":"2025-12-07T14:11:41","date_gmt":"2025-12-07T13:11:41","guid":{"rendered":"https:\/\/luebecker-bucht-lokal.de\/ostseelauf\/?page_id=3170"},"modified":"2025-12-07T14:19:35","modified_gmt":"2025-12-07T13:19:35","slug":"helfer-2","status":"publish","type":"page","link":"http:\/\/luebecker-bucht-lokal.de\/ostseelauf\/helfer-2\/","title":{"rendered":"Helfer"},"content":{"rendered":"<p class=\"ydpb1fad78bMsoNormal\">Der Ostseelauf wird ehrenamtlich organisiert und kann nur stattfinden, weil wir viele flei\u00dfige Helfer uns dabei helfen, den Lauf bestm\u00f6glich zu organisieren.<br \/>\nAm 22. M\u00e4rz ben\u00f6tigen wir Helfer als Streckenposten, Radposten, f\u00fcr die Startnummernausgabe, die L\u00e4uferversorgung, Auf- und Abbau und vieles andere.<\/p>\n<p class=\"ydpb1fad78bMsoNormal\"><img loading=\"lazy\" decoding=\"async\" class=\"aligncenter wp-image-2795\" src=\"http:\/\/luebecker-bucht-lokal.de\/ostseelauf\/wp-content\/uploads\/2023\/04\/Screenshot-2023-04-12-132533.png\" alt=\"\" width=\"367\" height=\"200\" srcset=\"http:\/\/luebecker-bucht-lokal.de\/ostseelauf\/wp-content\/uploads\/2023\/04\/Screenshot-2023-04-12-132533.png 1316w, http:\/\/luebecker-bucht-lokal.de\/ostseelauf\/wp-content\/uploads\/2023\/04\/Screenshot-2023-04-12-132533-300x164.png 300w, http:\/\/luebecker-bucht-lokal.de\/ostseelauf\/wp-content\/uploads\/2023\/04\/Screenshot-2023-04-12-132533-1024x559.png 1024w, http:\/\/luebecker-bucht-lokal.de\/ostseelauf\/wp-content\/uploads\/2023\/04\/Screenshot-2023-04-12-132533-768x419.png 768w\" sizes=\"auto, (max-width: 367px) 100vw, 367px\" \/><br \/>\nWir bieten ein tolles Team, viel Spa\u00df, eine kleine Verpflegung, zu motivierende Passanten und hoffentlich gut gelaunte dankbare L\u00e4ufer. Nat\u00fcrlich gibt es wie jedes Jahr eine Helferparty, auf der wir unsere Heldentaten dann feiern.<br \/>\nUnd falls Du Sonntag selbst l\u00e4ufst, auch Freitag und Samstag werden Helfer f\u00fcr den Aufbau und die Startnummernausgabe gesucht.<\/p>\n<p class=\"ydpb1fad78bMsoNormal\"><strong>Interessiert?<\/strong><br \/>\nDann schreibe eine email an unsere Helferkoordinatorin Anja (<a href=\"mailto:anja.carsten@yahoo.de\" target=\"_blank\" rel=\"nofollow noopener\">anja.carsten@yahoo.de<\/a>)<\/p>\n<div>Am besten mit der Info was Du wo und mit wem am Liebsten machen m\u00f6chtest. Wir finden bestimmt den passenden Platz f\u00fcr Dich.<\/div>\n","protected":false},"excerpt":{"rendered":"<p>Der Ostseelauf wird ehrenamtlich organisiert und kann nur stattfinden, weil wir viele flei\u00dfige Helfer uns dabei helfen, den Lauf bestm\u00f6glich zu organisieren. Am 22. M\u00e4rz ben\u00f6tigen wir Helfer als Streckenposten, &#8230;<\/p>\n","protected":false},"author":1,"featured_media":2775,"parent":0,"menu_order":0,"comment_status":"closed","ping_status":"closed","template":"","meta":{"footnotes":""},"class_list":["post-3170","page","type-page","status-publish","has-post-thumbnail","hentry"],"_links":{"self":[{"href":"http:\/\/luebecker-bucht-lokal.de\/ostseelauf\/wp-json\/wp\/v2\/pages\/3170","targetHints":{"allow":["GET"]}}],"collection":[{"href":"http:\/\/luebecker-bucht-lokal.de\/ostseelauf\/wp-json\/wp\/v2\/pages"}],"about":[{"href":"http:\/\/luebecker-bucht-lokal.de\/ostseelauf\/wp-json\/wp\/v2\/types\/page"}],"author":[{"embeddable":true,"href":"http:\/\/luebecker-bucht-lokal.de\/ostseelauf\/wp-json\/wp\/v2\/users\/1"}],"replies":[{"embeddable":true,"href":"http:\/\/luebecker-bucht-lokal.de\/ostseelauf\/wp-json\/wp\/v2\/comments?post=3170"}],"version-history":[{"count":6,"href":"http:\/\/luebecker-bucht-lokal.de\/ostseelauf\/wp-json\/wp\/v2\/pages\/3170\/revisions"}],"predecessor-version":[{"id":3179,"href":"http:\/\/luebecker-bucht-lokal.de\/ostseelauf\/wp-json\/wp\/v2\/pages\/3170\/revisions\/3179"}],"wp:featuredmedia":[{"embeddable":true,"href":"http:\/\/luebecker-bucht-lokal.de\/ostseelauf\/wp-json\/wp\/v2\/media\/2775"}],"wp:attachment":[{"href":"http:\/\/luebecker-bucht-lokal.de\/ostseelauf\/wp-json\/wp\/v2\/media?parent=3170"}],"curies":[{"name":"wp","href":"https:\/\/api.w.org\/{rel}","templated":true}]}}