{"id":2959,"date":"2024-10-22T19:43:01","date_gmt":"2024-10-22T17:43:01","guid":{"rendered":"http:\/\/luebecker-bucht-lokal.de\/ostseelauf\/?page_id=2959"},"modified":"2024-12-03T21:17:59","modified_gmt":"2024-12-03T20:17:59","slug":"ausschreibung-2025","status":"publish","type":"page","link":"http:\/\/luebecker-bucht-lokal.de\/ostseelauf\/ausschreibung-2025\/","title":{"rendered":"Ausschreibung 2025"},"content":{"rendered":"<h3><span data-darkreader-inline-color=\"\"><strong>19. Sparkassen-Ostseelauf am 23. M\u00e4rz 2025 in Timmendorfer Strand<\/strong><\/span><\/h3>\n<h3>Veranstalter<\/h3>\n<p>NTSV Strand 08 e.V., 23669 Timmendorfer Strand, Poststra\u00dfe 36d<\/p>\n<h3>Wieder mit<\/h3>\n<p>Mannschaftswertung beim Coast Collection-Halbmarathon (21,2 km), Sparkassen-Ostseelauf (10 km) und Spiess-Fitnesslauf (5 km)<\/p>\n<h3>Durchf\u00fchrungsbestimmungen<\/h3>\n<p>Der Lauf ist ein offiziell genehmigter Volkslauf und wird nach den Bestimmungen des Deutschen Leichtathletikverbandes (DLV) durchgef\u00fchrt. Die\u00a0Strecken wurden vom Schleswig-Holsteinischen Leichtathletikverband (SHLV) genau vermessen. Teilnahmeberechtigt sind L\u00e4uferinnen und L\u00e4ufer, die die unten aufgef\u00fchrten Altersangaben f\u00fcr die einzelnen Strecken erf\u00fcllen. Eine Vereinszugeh\u00f6rigkeit ist nicht erforderlich.<\/p>\n<h3>Klasseneinteilung (getrennte Wertung)<\/h3>\n<p>Die Klasseneinteilung erfolgt nach der Deutschen Leichtathletik-Ordnung (DLO) m\u00e4nnlich und weiblich getrennt. Die zugelassenen Altersklassen entnehmen Sie bitte der Tabelle.<\/p>\n<h3>Getr\u00e4nkestellen<\/h3>\n<p>Auf der gesamten Laufstrecke sowie im Zielbereich werden Getr\u00e4nkestellen eingerichtet.<\/p>\n<h3>Zielverpflegung<\/h3>\n<p>Im Ziel bieten wir Getr\u00e4nke, Obst und Riegel an.<\/p>\n<h3>Start und Ziel<\/h3>\n<p>Start und Ziel ist f\u00fcr alle Strecken beim Sportplatz Strand-Arena, <a href=\"https:\/\/www.google.com\/maps\/@53.9945267,10.7879875,16.46z?entry=ttu\">Poststra\u00dfe 36 in Timmendorfer Strand.<\/a><\/p>\n<h3>Startnummernausgabe und Nachmeldungen<\/h3>\n<p>Die personifizierte Startnummernausgabe findet am <strong>Samstag, 22. M\u00e4rz 2025, von 16:00 bis 19:00 Uhr und am Sonntag, 23. M\u00e4rz 2025 ab 8:00 Uhr<\/strong> im Wettkampfb\u00fcro in der Sporthalle Strand-Arena statt.<br \/>\n<span data-darkreader-inline-color=\"\"><strong>Nach- und Ummeldungen sind nur am Samstag, den 22.03.2025 in der Zeit zwischen 16:00 Uhr und 19:00 Uhr m\u00f6glich. Ab dem 17.03.2025 wird eine Nachmeldegeb\u00fchr in H\u00f6he von 3 Euro erhoben.<br \/>\n<\/strong><\/span><\/p>\n<h3>Anreise und Parkpl\u00e4tze<\/h3>\n<p><strong>Kostenpflichtige Parkpl\u00e4tze sind nach Entfernung auf P2, a) Strand-Arena, b) H\u00f6ppnerweg (Aldi und Familia Getr\u00e4nkemarkt), P1 Wohldstra\u00dfe (ETC = Eissport-&amp; Tennis-Centrum) und P3 Wiesenweg vorhanden.<\/strong> Es gibt auf obigen Parkpl\u00e4tzen kostenfreie Parkzonen mit zeitlicher Begrenzung von 1,5 Stunden.<\/p>\n<p><iframe loading=\"lazy\" src=\"https:\/\/www.openstreetmap.org\/export\/embed.html?bbox=10.778918266296388%2C53.99301542545195%2C10.787876844406128%2C53.99585361806636&amp;layer=mapnik&amp;marker=53.994434545942774%2C10.783397555351257\" width=\"425\" height=\"350\" data-mce-fragment=\"1\"><\/iframe><br \/>\n<small><a href=\"https:\/\/www.openstreetmap.org\/?mlat=53.99443&amp;mlon=10.78340#map=18\/53.99443\/10.78340\">Gr\u00f6\u00dfere Karte anzeigen<\/a><\/small><\/p>\n<p>&nbsp;<\/p>\n<h3>Duschen und Umkleiden<\/h3>\n<p>Kostenlose Umkleider\u00e4ume und Duschen befinden sich in der Sporthalle Strand-Arena direkt neben dem (f\u00fcr die Aktiven reservierten Parkplatz) gegen\u00fcber vom Parkplatz \u201eP2\u201c. Wir \u00fcbernehmen keine Haftung f\u00fcr abhanden gekommene Wertsachen.<\/p>\n<h3>Zeitmessung<\/h3>\n<p>Die Zeitmessung erfolgt durch die Firma race result germany. Es wird ein Mattensystem eingesetzt, mit welchem Brutto- und Nettozeiten beim Start erfasst werden. Dabei wird ein Einwegchip verwendet, dieser ist in der Startnummer integriert.<br \/>\n<span data-darkreader-inline-color=\"\"><strong>!!! Die Startnummer darf nicht gefaltet oder geknickt werden !!!<\/strong><\/span><br \/>\nDie Startnummern bekommen Sie mit den Startunterlagen ausgeh\u00e4ndigt. Beim Start- und Zieleinlauf wird dann automatisch ihre Startnummer und Laufzeit erfasst.<\/p>\n<h3><a href=\"http:\/\/my4.raceresult.com\/84659\/results?lang=de\" target=\"_blank\" rel=\"noopener noreferrer\">Anmeldung<\/a><\/h3>\n<p>Bitte nur online anmelden.<br \/>\nDie angemeldete Person ist erst nach Eingang des Startgeldes registriert. Die Startnummer ist personifiziert. Es besteht kein Anspruch auf Startgeldr\u00fcckgabe, wenn die angemeldete Person nicht starten kann oder der Lauf aus Gr\u00fcnden von h\u00f6herer Gewalt nicht stattfinden kann. Ummeldungen auf einen anderen Wettbewerb sind jederzeit m\u00f6glich, bei einer &#8222;Hochmeldung&#8220; ist dabei der Differenzbetrag zu zahlen, bei einer &#8222;Runtermeldung&#8220; erfolgt <u>keine<\/u> Erstattung des Differenzbetrages. Ab dem 17.03.2025 erh\u00f6ht sich die Startgeb\u00fchr f\u00fcr alle L\u00e4ufe um 3\u20ac. Eine personalisierte Startnummer bis zum 16.03.2025 m\u00f6glich.<br \/>\nDie Laufveranstaltung wird unter den zu dem Zeitpunkt g\u00fcltigen Corona-Bestimmungen durchgef\u00fchrt. Bitte entsprechende Hinweise auf dieser Homepage beachten.<\/p>\n<h3>Startgeb\u00fchren\/Bezahlung<\/h3>\n<p>Die Startgeb\u00fchr wird als einmalige Lastschrift in Form eines Einzugserm\u00e4chtigungsverfahrens, SEPA-Lastschrift oder Kreditkartenzahlung, von dem angegebenen Konto abgebucht.<\/p>\n<h3>Meldeschluss online<\/h3>\n<p>Samstag, 22. M\u00e4rz 2025, 23:59 Uhr<\/p>\n<h3>Letzte Anmeldem\u00f6glichkeit (Nachmeldung)<\/h3>\n<p>Nachmeldungen sind vor Ort im Wettkampfb\u00fcro am Samstag, 22. M\u00e4rz 2025 zwischen 16:00 und 19:00 Uhr und am Sonntag bis ca. eine Stunde vor dem jeweiligen Lauf nur gegen Barzahlung m\u00f6glich.<br \/>\nAb 17. M\u00e4rz erh\u00f6ht sich die Startgeb\u00fchr f\u00fcr alle L\u00e4ufe um 3,- \u20ac. Personalisierte Startnummern sind nur bis zum 16. M\u00e4rz 2025 m\u00f6glich.<\/p>\n<h3>Auskunft<\/h3>\n<p>Gesch\u00e4ftsstelle:<br \/>\nNTSV Strand 08 e.V.<br \/>\n&#8211; Gesch\u00e4ftsstelle &#8211;<br \/>\nPoststra\u00dfe 36 d<br \/>\n23669 Timmendorfer Strand<br \/>\nFon: 045 03 \/ 3 17 99<br \/>\nFax: 045 03 \/ 70 74 22<br \/>\nMail: ntsv@strand08.de<br \/>\nHome: www.strand08.de<\/p>\n<h3>Datenschutzhinweis<\/h3>\n<p>Ihre Daten werden elektronisch gespeichert. Es werden Starterlisten, Ergebnislisten, Urkunden und auch Fotos, die w\u00e4hrend der Veranstaltung gemacht werden, im Internet oder in der Presse ver\u00f6ffentlicht.<br \/>\nMit der Anmeldung erkl\u00e4ren Sie sich gleichzeitig mit der oben beschriebenen Speicherung und Nutzung der pers\u00f6nlichen Daten zur Verwendung im Rahmen des Sparkassen-Ostseelaufes Timmendorfer Strand einverstanden.<\/p>\n<h3>Haftungsausschluss<\/h3>\n<p>Die Teilnahme erfolgt auf eigenes Risiko. Eine Haftung jeglicher Art wird nicht vom Veranstalter<br \/>\nNTSV Strand 08 \u00fcbernommen. Das gilt auch f\u00fcr Unf\u00e4lle, abhanden gekommene Bekleidungsst\u00fccke und andere Gegenst\u00e4nde. Mit dem Empfang der Startnummer erkl\u00e4rt jeder Teilnehmer verbindlich, dass gegen eine Teilnahme keine gesundheitlichen Bedenken bestehen. Alle ordentlich angemeldeten Teilnehmer sind \u00fcber den Schleswig-Holsteinischen Leichtathletik-Verband (SHLV) versichert.<\/p>\n<h3>Angebotene L\u00e4ufe<\/h3>\n<p><strong>1. Lauf: <a href=\"http:\/\/luebecker-bucht-lokal.de\/ostseelauf\/fitnesslauf-ueber-5-km\/\">Spiess-Fitnesslauf \u00fcber 5 km<\/a><\/strong> Start <strong>ca. 9:00 Uhr<\/strong>, Geb\u00fchr: Erw. <strong>15 \u20ac | <\/strong>Jugendliche\/Sch\u00fcler*innen <strong>10 \u20ac<\/strong><\/p>\n<p><strong>2. Lauf:<\/strong> <a href=\"http:\/\/luebecker-bucht-lokal.de\/ostseelauf\/10-km-sparkassen-ostseelauf\/\"><strong>10-km Sparkassen-Ostseelauf<\/strong><\/a>\u00a0Start <strong>ca. 9:10 Uhr<\/strong>, Geb\u00fchr: Erw. <strong>17 \u20ac<\/strong><strong> | <\/strong>Jugendliche\/Sch\u00fcler*innen <strong> 13 \u20ac<\/strong><\/p>\n<p><strong>3. Lauf: <\/strong><a href=\"http:\/\/luebecker-bucht-lokal.de\/ostseelauf\/halbmarathon\/\"><strong>Coast-Collection-Halbmarathon<\/strong><\/a><strong>\u00a0<\/strong>Start <strong>ca. 10:30 Uhr<\/strong>,\u00a0Geb\u00fchr: Erw. <strong>20 \u20ac<\/strong><strong> | <\/strong>Jugendliche\/Sch\u00fcler*innen <strong>15 \u20ac<\/strong><\/p>\n<p><strong>4. Lauf: <\/strong><a href=\"http:\/\/luebecker-bucht-lokal.de\/ostseelauf\/innogy-seepferdchenlauf-ueber-eine-seemeile\/\"><strong>Westenergie-Seepferdchenlauf \u00fcber ca. eine Seemeile<\/strong><\/a><strong>\u00a0<\/strong>Start <strong>ca. 10:45 Uhr<\/strong>,\u00a0Geb\u00fchr: <strong>5 \u20ac\u00a0 \u00a0<\/strong>Jg. 2012-2019<\/p>\n<h3>Allgemeine Informationen<\/h3>\n<p>Die Laufstrecke befindet sich auf der herrlichen Strandpromenade entlang der Ostseek\u00fcste. Der Untergrund besteht teilweise aus einem harten Sandbelag sowie Asphalt bei einem max. H\u00f6henunterschied von\u00a0ca. 1,5 Meter.<\/p>\n<h3>Moderation<\/h3>\n<p>Unsere Moderatoren Erich Jungnickel und Tobias Krumbeck werden mit fachm\u00e4nnischen Kommentaren durch die Veranstaltung f\u00fchren.<\/p>\n<h3>Streckeninformation<\/h3>\n<p>Unser Lauf ist ein genehmigter Stra\u00dfenlauf auf einer vom SHLV genau vermessenen Strecke.<\/p>\n<h3>Organisation<\/h3>\n<p>NTSV Strand 08 e.V.<br \/>\n&#8211; Gesch\u00e4ftsstelle &#8211;<br \/>\nPoststra\u00dfe 36 d<br \/>\n23669 Timmendorfer Strand<br \/>\nwww.strand08.de<br \/>\nwww.ostseelauf.com<\/p>\n","protected":false},"excerpt":{"rendered":"<p>19. Sparkassen-Ostseelauf am 23. M\u00e4rz 2025 in Timmendorfer Strand Veranstalter NTSV Strand 08 e.V., 23669 Timmendorfer Strand, Poststra\u00dfe 36d Wieder mit Mannschaftswertung beim Coast Collection-Halbmarathon (21,2 km), Sparkassen-Ostseelauf (10 km) &#8230;<\/p>\n","protected":false},"author":1,"featured_media":0,"parent":0,"menu_order":0,"comment_status":"closed","ping_status":"closed","template":"","meta":{"footnotes":""},"class_list":["post-2959","page","type-page","status-publish","hentry"],"_links":{"self":[{"href":"http:\/\/luebecker-bucht-lokal.de\/ostseelauf\/wp-json\/wp\/v2\/pages\/2959","targetHints":{"allow":["GET"]}}],"collection":[{"href":"http:\/\/luebecker-bucht-lokal.de\/ostseelauf\/wp-json\/wp\/v2\/pages"}],"about":[{"href":"http:\/\/luebecker-bucht-lokal.de\/ostseelauf\/wp-json\/wp\/v2\/types\/page"}],"author":[{"embeddable":true,"href":"http:\/\/luebecker-bucht-lokal.de\/ostseelauf\/wp-json\/wp\/v2\/users\/1"}],"replies":[{"embeddable":true,"href":"http:\/\/luebecker-bucht-lokal.de\/ostseelauf\/wp-json\/wp\/v2\/comments?post=2959"}],"version-history":[{"count":13,"href":"http:\/\/luebecker-bucht-lokal.de\/ostseelauf\/wp-json\/wp\/v2\/pages\/2959\/revisions"}],"predecessor-version":[{"id":3008,"href":"http:\/\/luebecker-bucht-lokal.de\/ostseelauf\/wp-json\/wp\/v2\/pages\/2959\/revisions\/3008"}],"wp:attachment":[{"href":"http:\/\/luebecker-bucht-lokal.de\/ostseelauf\/wp-json\/wp\/v2\/media?parent=2959"}],"curies":[{"name":"wp","href":"https:\/\/api.w.org\/{rel}","templated":true}]}}