{"id":2301,"date":"2019-03-24T16:39:17","date_gmt":"2019-03-24T15:39:17","guid":{"rendered":"http:\/\/luebecker-bucht-lokal.de\/ostseelauf\/?page_id=2301"},"modified":"2019-04-07T19:08:57","modified_gmt":"2019-04-07T17:08:57","slug":"ostseelauf-2019","status":"publish","type":"page","link":"http:\/\/luebecker-bucht-lokal.de\/ostseelauf\/ostseelauf-2019\/","title":{"rendered":"Ostseelauf 2019"},"content":{"rendered":"<h2>Ergebnisse und Bilder Sparkassen-Ostseelauf 2019<\/h2>\n<p>In Timmendorfer Strand trafen sich bei bestem Laufwetter L\u00e4uferinnen und L\u00e4ufer aus ganz Deutschland, um sich auf verschiedenen Distanzen zu messen.<br \/>\nWir freuen uns \u00fcber einen neuen Melderekord: 1633<\/p>\n<p>Toll, dass ihr dabei wart!<\/p>\n<h3>5-km-Lauf<\/h3>\n<p><a href=\"https:\/\/photos.app.goo.gl\/F3piV6WAs3FQKUgX9\" target=\"_blank\" rel=\"noopener noreferrer\"><img loading=\"lazy\" decoding=\"async\" class=\"alignnone wp-image-2337 size-medium\" src=\"http:\/\/luebecker-bucht-lokal.de\/ostseelauf\/wp-content\/uploads\/2019\/04\/5km_2019-300x200.jpg\" alt=\"\" width=\"300\" height=\"200\" \/><\/a><\/p>\n<p><a href=\"http:\/\/luebecker-bucht-lokal.de\/ostseelauf\/wp-content\/uploads\/2019\/03\/Fitnesslauf-\u2013-Gesamtwertung-2019.pdf\">Fitnesslauf \u2013 Gesamtwertung (2019)<\/a><\/p>\n<p><a href=\"http:\/\/luebecker-bucht-lokal.de\/ostseelauf\/wp-content\/uploads\/2019\/03\/Fitnesslauf-\u2013-Altersklassenwertung-2019.pdf\">Fitnesslauf \u2013 Altersklassenwertung (2019)<\/a><\/p>\n<h3>10-km-Lauf<\/h3>\n<p><a href=\"https:\/\/photos.app.goo.gl\/ATD27ZtZG2oCd1g86\" target=\"_blank\" rel=\"noopener noreferrer\"><img loading=\"lazy\" decoding=\"async\" class=\"alignnone wp-image-2340 size-medium\" src=\"http:\/\/luebecker-bucht-lokal.de\/ostseelauf\/wp-content\/uploads\/2019\/04\/10km_2019-300x200.jpg\" alt=\"\" width=\"300\" height=\"200\" \/><\/a><\/p>\n<p><a href=\"http:\/\/luebecker-bucht-lokal.de\/ostseelauf\/wp-content\/uploads\/2019\/03\/10-km-Sparkassen-Ostseelauf-\u2013-Gesamtwertung-2019.pdf\">10 km Sparkassen Ostseelauf \u2013 Gesamtwertung (2019)<\/a><\/p>\n<p><a href=\"http:\/\/luebecker-bucht-lokal.de\/ostseelauf\/wp-content\/uploads\/2019\/03\/10-km-Sparkassen-Ostseelauf-\u2013-Altersklassenwertung-2019.pdf\">10 km Sparkassen Ostseelauf \u2013 Altersklassenwertung (2019)<\/a><\/p>\n<p><a href=\"http:\/\/luebecker-bucht-lokal.de\/ostseelauf\/wp-content\/uploads\/2019\/03\/Ostseelauf-\u2013-Mannschaftswertung-2019.pdf\">Ostseelauf \u2013 Mannschaftswertung (2019)<\/a><\/p>\n<h3>Halbmarathon<\/h3>\n<p><a href=\"https:\/\/photos.app.goo.gl\/3P9VBcfwCG68gsvN9\" target=\"_blank\" rel=\"noopener noreferrer\"><img loading=\"lazy\" decoding=\"async\" class=\"alignnone wp-image-2326 size-medium\" src=\"http:\/\/luebecker-bucht-lokal.de\/ostseelauf\/wp-content\/uploads\/2019\/03\/ostseelauf2019-300x189.jpg\" alt=\"\" width=\"300\" height=\"189\" \/><\/a><\/p>\n<p><a href=\"http:\/\/luebecker-bucht-lokal.de\/ostseelauf\/wp-content\/uploads\/2019\/03\/Halbmarathon-\u2013-Gesamtwertung-2019.pdf\">Halbmarathon \u2013 Gesamtwertung (2019)<\/a><\/p>\n<p><a href=\"http:\/\/luebecker-bucht-lokal.de\/ostseelauf\/wp-content\/uploads\/2019\/03\/Halbmarathon-\u2013-Altersklassenwertung-2019.pdf\">Halbmarathon \u2013 Altersklassenwertung (2019)<\/a><\/p>\n<p><a href=\"http:\/\/luebecker-bucht-lokal.de\/ostseelauf\/wp-content\/uploads\/2019\/03\/Halbmarathon-\u2013-Mannschaftswertung-2019.pdf\">Halbmarathon \u2013 Mannschaftswertung (2019)<\/a><\/p>\n<h3>5-km Nordic-Walking<\/h3>\n<p><a href=\"https:\/\/photos.app.goo.gl\/qEfBiSmvxHvMK8iJ6\" target=\"_blank\" rel=\"noopener noreferrer\"><img loading=\"lazy\" decoding=\"async\" class=\"alignnone wp-image-2334 size-medium\" src=\"http:\/\/luebecker-bucht-lokal.de\/ostseelauf\/wp-content\/uploads\/2019\/04\/nordic_walking-2019-300x200.jpg\" alt=\"\" width=\"300\" height=\"200\" \/><\/a><\/p>\n<p><a href=\"http:\/\/luebecker-bucht-lokal.de\/ostseelauf\/wp-content\/uploads\/2019\/03\/Nordic-Walking-\u2013-Gesamtwertung-2019.pdf\">Nordic-Walking \u2013 Gesamtwertung (2019)<\/a><\/p>\n<p><a href=\"http:\/\/luebecker-bucht-lokal.de\/ostseelauf\/wp-content\/uploads\/2019\/03\/Nordic-Walking-\u2013-Altersklassenwertung-2019.pdf\">Nordic-Walking \u2013 Altersklassenwertung (2019)<\/a><\/p>\n<h3>Seepferdchenlauf<\/h3>\n<p><a href=\"https:\/\/photos.app.goo.gl\/imTsQQDvVaPvn7Xw7\" target=\"_blank\" rel=\"noopener noreferrer\"><img loading=\"lazy\" decoding=\"async\" class=\"alignnone wp-image-2336 size-medium\" src=\"http:\/\/luebecker-bucht-lokal.de\/ostseelauf\/wp-content\/uploads\/2019\/04\/seepferdchenlauf-2019-300x200.jpg\" alt=\"\" width=\"300\" height=\"200\" \/><\/a><\/p>\n<p><a href=\"http:\/\/luebecker-bucht-lokal.de\/ostseelauf\/wp-content\/uploads\/2019\/03\/Seepferdchenlauf-\u2013-Gesamtwertung-2019.pdf\">Seepferdchenlauf \u2013 Gesamtwertung (2019)<\/a><\/p>\n<p><a href=\"http:\/\/luebecker-bucht-lokal.de\/ostseelauf\/wp-content\/uploads\/2019\/03\/Seepferdchenlauf-\u2013-Altersklassenwertung-2019.pdf\">Seepferdchenlauf \u2013 Altersklassenwertung (2019)<\/a><\/p>\n<h2>Vielen Dank<\/h2>\n<p>an alle Helfer, Partner, Sponsoren<\/p>\n<p><a href=\"https:\/\/photos.app.goo.gl\/ZiDmX7pYkV5ExtLb7\" target=\"_blank\" rel=\"noopener noreferrer\"><img loading=\"lazy\" decoding=\"async\" class=\"alignnone wp-image-2332 size-medium\" src=\"http:\/\/luebecker-bucht-lokal.de\/ostseelauf\/wp-content\/uploads\/2019\/04\/helfer-2019-300x200.jpg\" alt=\"\" width=\"300\" height=\"200\" \/><\/a><\/p>\n<p>und den Fotografen Thore J\u00fcrgensen!<\/p>\n","protected":false},"excerpt":{"rendered":"<p>Ergebnisse und Bilder Sparkassen-Ostseelauf 2019 In Timmendorfer Strand trafen sich bei bestem Laufwetter L\u00e4uferinnen und L\u00e4ufer aus ganz Deutschland, um sich auf verschiedenen Distanzen zu messen. Wir freuen uns \u00fcber &#8230;<\/p>\n","protected":false},"author":1,"featured_media":2326,"parent":0,"menu_order":0,"comment_status":"closed","ping_status":"closed","template":"","meta":{"footnotes":""},"class_list":["post-2301","page","type-page","status-publish","has-post-thumbnail","hentry"],"_links":{"self":[{"href":"http:\/\/luebecker-bucht-lokal.de\/ostseelauf\/wp-json\/wp\/v2\/pages\/2301","targetHints":{"allow":["GET"]}}],"collection":[{"href":"http:\/\/luebecker-bucht-lokal.de\/ostseelauf\/wp-json\/wp\/v2\/pages"}],"about":[{"href":"http:\/\/luebecker-bucht-lokal.de\/ostseelauf\/wp-json\/wp\/v2\/types\/page"}],"author":[{"embeddable":true,"href":"http:\/\/luebecker-bucht-lokal.de\/ostseelauf\/wp-json\/wp\/v2\/users\/1"}],"replies":[{"embeddable":true,"href":"http:\/\/luebecker-bucht-lokal.de\/ostseelauf\/wp-json\/wp\/v2\/comments?post=2301"}],"version-history":[{"count":15,"href":"http:\/\/luebecker-bucht-lokal.de\/ostseelauf\/wp-json\/wp\/v2\/pages\/2301\/revisions"}],"predecessor-version":[{"id":2346,"href":"http:\/\/luebecker-bucht-lokal.de\/ostseelauf\/wp-json\/wp\/v2\/pages\/2301\/revisions\/2346"}],"wp:featuredmedia":[{"embeddable":true,"href":"http:\/\/luebecker-bucht-lokal.de\/ostseelauf\/wp-json\/wp\/v2\/media\/2326"}],"wp:attachment":[{"href":"http:\/\/luebecker-bucht-lokal.de\/ostseelauf\/wp-json\/wp\/v2\/media?parent=2301"}],"curies":[{"name":"wp","href":"https:\/\/api.w.org\/{rel}","templated":true}]}}