{"id":2105,"date":"2017-12-03T12:47:06","date_gmt":"2017-12-03T11:47:06","guid":{"rendered":"http:\/\/luebecker-bucht-lokal.de\/ostseelauf\/?page_id=2105"},"modified":"2026-01-01T15:16:28","modified_gmt":"2026-01-01T14:16:28","slug":"streckenplan-2","status":"publish","type":"page","link":"http:\/\/luebecker-bucht-lokal.de\/ostseelauf\/streckenplan-2\/","title":{"rendered":"Streckenplan"},"content":{"rendered":"<p>Start und Ziel ist f\u00fcr alle Strecken auf dem Gel\u00e4nde der Strand-Arena, Poststra\u00dfe 36 in Timmendorfer Strand.<\/p>\n<p>Die neue Strecke verl\u00e4uft wieder haupts\u00e4chlich auf der Promenade.<\/p>\n<p><a href=\"http:\/\/luebecker-bucht-lokal.de\/ostseelauf\/wp-content\/uploads\/2026\/01\/OSL_2026_SL.pdf\">Seepferdchenlauf by westenergie<\/a><\/p>\n<p><a href=\"http:\/\/luebecker-bucht-lokal.de\/ostseelauf\/wp-content\/uploads\/2025\/12\/OSL_2026_5km.pdf\">Spiess-Fitnesslauf (5km)<\/a><\/p>\n<p><a href=\"http:\/\/luebecker-bucht-lokal.de\/ostseelauf\/wp-content\/uploads\/2025\/12\/OSL_2026_10km.pdf\">10km-Sparkassen-Ostseelauf<\/a><\/p>\n<p><a href=\"http:\/\/luebecker-bucht-lokal.de\/ostseelauf\/wp-content\/uploads\/2025\/12\/OSL_2026_HM.pdf\">Coast Collection Halbmarathon<\/a><\/p>\n<p><!-- <iframe loading=\"lazy\" src=\"https:\/\/www.google.com\/maps\/d\/embed?mid=1OokoWmwVTK67VKizp2J9rMFDhnPQFzQH\" width=\"640\" height=\"480\"><\/iframe> --><\/p>\n","protected":false},"excerpt":{"rendered":"<p>Start und Ziel ist f\u00fcr alle Strecken auf dem Gel\u00e4nde der Strand-Arena, Poststra\u00dfe 36 in Timmendorfer Strand. Die neue Strecke verl\u00e4uft wieder haupts\u00e4chlich auf der Promenade. Seepferdchenlauf by westenergie Spiess-Fitnesslauf &#8230;<\/p>\n","protected":false},"author":1,"featured_media":0,"parent":0,"menu_order":0,"comment_status":"closed","ping_status":"closed","template":"","meta":{"footnotes":""},"class_list":["post-2105","page","type-page","status-publish","hentry"],"_links":{"self":[{"href":"http:\/\/luebecker-bucht-lokal.de\/ostseelauf\/wp-json\/wp\/v2\/pages\/2105","targetHints":{"allow":["GET"]}}],"collection":[{"href":"http:\/\/luebecker-bucht-lokal.de\/ostseelauf\/wp-json\/wp\/v2\/pages"}],"about":[{"href":"http:\/\/luebecker-bucht-lokal.de\/ostseelauf\/wp-json\/wp\/v2\/types\/page"}],"author":[{"embeddable":true,"href":"http:\/\/luebecker-bucht-lokal.de\/ostseelauf\/wp-json\/wp\/v2\/users\/1"}],"replies":[{"embeddable":true,"href":"http:\/\/luebecker-bucht-lokal.de\/ostseelauf\/wp-json\/wp\/v2\/comments?post=2105"}],"version-history":[{"count":23,"href":"http:\/\/luebecker-bucht-lokal.de\/ostseelauf\/wp-json\/wp\/v2\/pages\/2105\/revisions"}],"predecessor-version":[{"id":3183,"href":"http:\/\/luebecker-bucht-lokal.de\/ostseelauf\/wp-json\/wp\/v2\/pages\/2105\/revisions\/3183"}],"wp:attachment":[{"href":"http:\/\/luebecker-bucht-lokal.de\/ostseelauf\/wp-json\/wp\/v2\/media?parent=2105"}],"curies":[{"name":"wp","href":"https:\/\/api.w.org\/{rel}","templated":true}]}}