{"id":1944,"date":"2017-10-22T17:50:48","date_gmt":"2017-10-22T15:50:48","guid":{"rendered":"http:\/\/luebecker-bucht-lokal.de\/ostseelauf\/?page_id=1944"},"modified":"2024-01-31T07:18:26","modified_gmt":"2024-01-31T06:18:26","slug":"impressum-2","status":"publish","type":"page","link":"http:\/\/luebecker-bucht-lokal.de\/ostseelauf\/impressum-2\/","title":{"rendered":"Impressum"},"content":{"rendered":"<p>Diese Website wird mit gro\u00dfer Sorgfalt st\u00e4ndig \u00fcberarbeitet und aktualisiert. Sofern Sie dennoch Fehler bemerken oder Anregungen, Kommentare oder R\u00fcckfragen zu dieser Website haben, nutzen Sie bitte, ggf. unter konkreter Bezugnahme auf einzelne Seiten oder Bereiche, unser Kontaktformular.<\/p>\n<p><strong>Informationen gem\u00e4\u00df Telemediengesetz:<\/strong><\/p>\n<p>NTSV Strand 08 e.V.<br \/>\nPoststra\u00dfe 36d<br \/>\n23669 Timmendorfer Strand<\/p>\n<p>Tel: 0 45 03 &#8211; 3 17 99<br \/>\nFax: 0 45 03 &#8211; 70 74 22<br \/>\nEmail: info@ostseelauf.com<\/p>\n<p>Andreas Block (1. Vorsitzender)<\/p>\n<p><strong>Urheberrecht<\/strong><br \/>\nAlle Rechte vorbehalten. Die in dieser Homepage verwendeten Texte, Bilder und Grafiken unterliegen dem Urheberrecht und anderen Gesetzen zum Schutz des geistigen Eigentums. Ihre Weitergabe, Ver\u00e4nderung, gewerbliche Nutzung oder Verwendung auf anderen Websites ist untersagt.<\/p>\n<p><strong>Gew\u00e4hrleistung<\/strong><br \/>\nDie Informationen auf dieser Website werden ohne jegliche Zusicherung oder Gew\u00e4hrleistung jedweder Art zur Verf\u00fcgung gestellt. Auch wenn der Autor davon ausgeht, dass die von ihm gegebenen Informationen zutreffend sind, k\u00f6nnen sie dennoch Fehler oder Ungenauigkeiten enthalten. Der Autor \u00fcbernimmt keinerlei Gew\u00e4hr f\u00fcr die Aktualit\u00e4t, Korrektheit, Vollst\u00e4ndigkeit oder Qualit\u00e4t der bereitgestellten Informationen. Haftungsanspr\u00fcche gegen den Autor, welche sich auf Sch\u00e4den materieller oder ideeller Art beziehen, die durch die Nutzung oder Nichtnutzung der dargebotenen Informationen bzw. durch die Nutzung fehlerhafter und unvollst\u00e4ndiger Informationen verursacht wurden sind grunds\u00e4tzlich ausgeschlossen, sofern seitens des Autors kein nachweislich vors\u00e4tzliches oder grob fahrl\u00e4ssiges Verschulden vorliegt. Alle Angebote sind freibleibend und unverbindlich. Der Autor beh\u00e4lt es sich ausdr\u00fccklich vor, Teile der Seiten oder das gesamte Angebot ohne gesonderte Ank\u00fcndigung zu ver\u00e4ndern, zu erg\u00e4nzen, zu l\u00f6schen oder die Ver\u00f6ffentlichung zeitweise oder endg\u00fcltig einzustellen.<\/p>\n<p><strong>Verweise und Links<\/strong><br \/>\nBei direkten oder indirekten Verweisen auf fremde Internetseiten (\u201eLinks\u201c), die ausserhalb des Verantwortungsbereiches des Autors liegen, w\u00fcrde eine Haftungsverpflichtung ausschliesslich in dem Fall in Kraft treten, in dem der Autor von den Inhalten Kenntnis hat und es ihm technisch m\u00f6glich und zumutbar w\u00e4re, die Nutzung im Falle rechtswidriger Inhalte zu verhindern. Der Autor erkl\u00e4rt daher ausdr\u00fccklich, dass zum Zeitpunkt der Linksetzung die entsprechenden verlinkten Seiten frei von illegalen Inhalten waren. Der Autor hat keinerlei Einfluss auf die aktuelle und zuk\u00fcnftige Gestaltung und auf die Inhalte der gelinkten\/verkn\u00fcpften Seiten. Deshalb distanziert er sich hiermit ausdr\u00fccklich von allen Inhalten aller gelinkten \/verkn\u00fcpften Seiten, die nach der Linksetzung ver\u00e4ndert wurden. Diese Feststellung gilt f\u00fcr alle innerhalb des eigenen Internetangebotes gesetzten Links und Verweise sowie f\u00fcr Fremdeintr\u00e4ge in vom Autor eingerichteten G\u00e4steb\u00fcchern, Diskussionsforen und Mailinglisten. F\u00fcr illegale, fehlerhafte oder unvollst\u00e4ndige Inhalte und insbesondere f\u00fcr Sch\u00e4den, die aus der Nutzung oder Nichtnutzung solcherart dargebotener Informationen entstehen, haftet allein der Anbieter der Seite, auf welche verwiesen wurde, nicht derjenige, der \u00fcber Links auf die jeweilige Ver\u00f6ffentlichung lediglich verweist.<\/p>\n<p><strong>Datenschutz<\/strong><br \/>\nSofern innerhalb des Internetangebotes die M\u00f6glichkeit zur Eingabe pers\u00f6nlicher oder gesch\u00e4ftlicher Daten (Emailadressen, Namen, Anschriften) besteht, so erfolgt die Preisgabe dieser Daten seitens des Nutzers auf ausdr\u00fccklich freiwilliger Basis.<\/p>\n<p><strong>Haftungsausschluss<\/strong><br \/>\nDieser Haftungsausschluss ist als Teil des Internetangebotes zu betrachten, von dem aus auf diese Seite verwiesen wurde. Sofern Teile oder einzelne Formulierungen dieses Textes der geltenden Rechtslage nicht, nicht mehr oder nicht vollst\u00e4ndig entsprechen sollten, bleiben die \u00fcbrigen Teile des Dokumentes in ihrem Inhalt und ihrer G\u00fcltigkeit davon unber\u00fchrt.<\/p>\n","protected":false},"excerpt":{"rendered":"<p>Diese Website wird mit gro\u00dfer Sorgfalt st\u00e4ndig \u00fcberarbeitet und aktualisiert. Sofern Sie dennoch Fehler bemerken oder Anregungen, Kommentare oder R\u00fcckfragen zu dieser Website haben, nutzen Sie bitte, ggf. unter konkreter &#8230;<\/p>\n","protected":false},"author":1,"featured_media":0,"parent":0,"menu_order":0,"comment_status":"closed","ping_status":"closed","template":"","meta":{"footnotes":""},"class_list":["post-1944","page","type-page","status-publish","hentry"],"_links":{"self":[{"href":"http:\/\/luebecker-bucht-lokal.de\/ostseelauf\/wp-json\/wp\/v2\/pages\/1944","targetHints":{"allow":["GET"]}}],"collection":[{"href":"http:\/\/luebecker-bucht-lokal.de\/ostseelauf\/wp-json\/wp\/v2\/pages"}],"about":[{"href":"http:\/\/luebecker-bucht-lokal.de\/ostseelauf\/wp-json\/wp\/v2\/types\/page"}],"author":[{"embeddable":true,"href":"http:\/\/luebecker-bucht-lokal.de\/ostseelauf\/wp-json\/wp\/v2\/users\/1"}],"replies":[{"embeddable":true,"href":"http:\/\/luebecker-bucht-lokal.de\/ostseelauf\/wp-json\/wp\/v2\/comments?post=1944"}],"version-history":[{"count":4,"href":"http:\/\/luebecker-bucht-lokal.de\/ostseelauf\/wp-json\/wp\/v2\/pages\/1944\/revisions"}],"predecessor-version":[{"id":2887,"href":"http:\/\/luebecker-bucht-lokal.de\/ostseelauf\/wp-json\/wp\/v2\/pages\/1944\/revisions\/2887"}],"wp:attachment":[{"href":"http:\/\/luebecker-bucht-lokal.de\/ostseelauf\/wp-json\/wp\/v2\/media?parent=1944"}],"curies":[{"name":"wp","href":"https:\/\/api.w.org\/{rel}","templated":true}]}}