{"id":1935,"date":"2017-10-15T11:05:59","date_gmt":"2017-10-15T09:05:59","guid":{"rendered":"http:\/\/luebecker-bucht-lokal.de\/ostseelauf\/?page_id=1935"},"modified":"2023-02-16T19:16:48","modified_gmt":"2023-02-16T18:16:48","slug":"lauf-links","status":"publish","type":"page","link":"http:\/\/luebecker-bucht-lokal.de\/ostseelauf\/lauf-links\/","title":{"rendered":"Lauf-Links"},"content":{"rendered":"<h3>Auswahl von Links rund um den Laufsport<\/h3>\n<p><a href=\"http:\/\/www.laufkalender24.de\/\" target=\"_blank\" rel=\"noopener\">Laufkalender24.de<\/a> &#8211;\u00a0Laufkalender mit vielen Infos und Streckenpl\u00e4nen<\/p>\n<p><a href=\"http:\/\/www.lauftreff.de\/\" target=\"_blank\" rel=\"noopener\">Lauftreff.de<\/a> &#8211; eine sehr gute Laufseite,\u00a0Laufkalender und mehr<\/p>\n<p><a href=\"http:\/\/www.runinternational.eu\/\" target=\"_blank\" rel=\"noopener\">runinternational.eu<\/a> &#8211;\u00a0Europa-Laufkalender\u00a0in Englisch<\/p>\n<p><a href=\"https:\/\/www.laufen.de\/start\/\" target=\"_blank\" rel=\"noopener\">Laufen.de<\/a> &#8211;\u00a0Training mit DLV Laufkalender<\/p>\n<p><a href=\"http:\/\/conditionmagazin.com\/wordpress\/\" target=\"_blank\" rel=\"noopener\">Laufzeit-online<\/a> &#8211;\u00a0Fachzeitschrift f\u00fcr Langlauf mit Terminkalender<\/p>\n<p><a href=\"http:\/\/www.runnersworld.de\/\" target=\"_blank\" rel=\"noopener\">Runner`s World<\/a> &#8211;\u00a0Online Fachzeitschrift f\u00fcr Langlauf mit Terminkalender<\/p>\n<p><a href=\"http:\/\/www.laufmagazin-spiridon.de\/\" target=\"_blank\" rel=\"noopener\">Spiridon<\/a> &#8211;\u00a0Fachzeitschrift f\u00fcr Langlauf mit Terminkalender<\/p>\n<p><a href=\"http:\/\/www.iat.uni-leipzig.de\/service\/datenbanken\/sponet-1\" target=\"_blank\" rel=\"noopener\">Sponet<\/a> &#8211;\u00a0Sport-Suchseite<\/p>\n<p><a href=\"http:\/\/www.shlv.de\/\" target=\"_blank\" rel=\"noopener\">LSHLV<\/a> &#8211;\u00a0Schleswig-Holsteinischer Leichtathletikverband<\/p>\n<p><a href=\"http:\/\/www.leichtathletik.de\/\" target=\"_blank\" rel=\"noopener\">DLV<\/a> &#8211;\u00a0Deutscher Leichtathletikverband<\/p>\n<p><a href=\"http:\/\/www.leichtathletik.de\/verband\/\" target=\"_blank\" rel=\"noopener\">DLV <\/a>&#8211;\u00a0Deutscher Leichtathletikverband -offizielle Seite mit Regelungen<\/p>\n<p><a href=\"https:\/\/www.iaaf.org\/home\" target=\"_blank\" rel=\"noopener\">IAAF<\/a> &#8211;\u00a0IAAF immer aktuelle Informationen<\/p>\n<p><a href=\"https:\/\/www.rund-um-ratekau.de\/\" target=\"_blank\" rel=\"noopener\">Rund um Ratekau<\/a> &#8211; Laufen neu erleben<\/p>\n<p><a href=\"http:\/\/www.groemitz.de\/groemitzer-sunrun.html\" target=\"_blank\" rel=\"noopener\">Gr\u00f6mitzer SUN-RUN<\/a> &#8211; Halbmarathon, 10 km Lauf, Sch\u00fclerlauf<\/p>\n<p><a href=\"http:\/\/ostseelauf.com\/\">Ostseelauf Timmendorfer Strand<\/a> &#8211;\u00a010 km-Lauf, 5 km-Lauf, Halbmarathon, Nordic-Walking, Seepferdchenlauf 1 Seemeile (1,852 km)<\/p>\n<p><a href=\"http:\/\/www.sundlauf.de\/\" target=\"_blank\" rel=\"noopener\">Sundlauf Gro\u00dfenbrode<\/a> &#8211;\u00a010 km und 20 km und Bambinilauf<\/p>\n<p><a href=\"https:\/\/www.svfehmarn.de\/fehmarnlauf\/\" target=\"_blank\" rel=\"noopener\">Fehmarnlauf<\/a> &#8211; Insellauf<\/p>\n<p><a href=\"http:\/\/www.lauf-festival-ploener-see.de\/\" target=\"_blank\" rel=\"noopener\">Pl\u00f6n-Lauf- und Wanderfestival<\/a> &#8211;\u00a037-km Lauf mit Staffellauf und Marathon um den Gro\u00dfer Pl\u00f6ner See<\/p>\n<p>Wald- und Wellenlauf in Kellenhusen an der Ostsee<\/p>\n<p><a href=\"https:\/\/www.berliner-frauenlauf.de\/\" target=\"_blank\" rel=\"noopener\">AVON Frauenlauf <\/a>&#8211;\u00a0in Berlin \u00fcber 8000 Teilnehmerinnen<\/p>\n<p><a href=\"http:\/\/www.mitternachtslauf.de\/index.html\" target=\"_blank\" rel=\"noopener\">Mitternachtslauf Heiligenhafen<\/a>\u00a0&#8211; Seite des Veranstalters<\/p>\n<p><a href=\"http:\/\/www.haspa-marathon-hamburg.de\/\" target=\"_blank\" rel=\"noopener\">Hamburg Marathon<\/a><\/p>\n<p><a href=\"https:\/\/www.bmw-berlin-marathon.com\/\" target=\"_blank\" rel=\"noopener\">Berlin-Marathon<\/a><\/p>\n<p><a href=\"https:\/\/www.frankfurt-marathon.com\/\" target=\"_blank\" rel=\"noopener\">Frankfurt Marathon<\/a><\/p>\n<p><a href=\"http:\/\/www.kiel-triathlon.de\/\" target=\"_blank\" rel=\"noopener\">Kiel Triathlon<\/a>\u00a0&#8211;\u00a0ein Erlebnis mitten in der Innenstadt<\/p>\n<p><a href=\"http:\/\/www.stramilano.it\/\" target=\"_blank\" rel=\"noopener\">Stramilano<\/a> &#8211;\u00a0Europas gr\u00f6\u00dfter Lauf in Mailand (Italien) 55.000 Starter \u00fcber 15 km<\/p>\n<p><a href=\"https:\/\/metager.de\/\" target=\"_blank\" rel=\"noopener\">Meta-Suchmaschine<\/a> &#8211;\u00a0Wenn alle Suchmaschinen versagen &#8211; <a href=\"https:\/\/www.luis.uni-hannover.de\/\" target=\"_blank\" rel=\"noopener\">RRZN-UNI-Hannover<\/a> hilft<\/p>\n<p><a href=\"https:\/\/www.c-and-a.com\/de\/de\/shop\/laufsport\" target=\"_blank\" rel=\"noopener\">C&amp;A-Laufsport f\u00fcr Einsteiger:<\/a> gesundheitliche Vorteile und Trainingstipps<\/p>\n","protected":false},"excerpt":{"rendered":"<p>Auswahl von Links rund um den Laufsport Laufkalender24.de &#8211;\u00a0Laufkalender mit vielen Infos und Streckenpl\u00e4nen Lauftreff.de &#8211; eine sehr gute Laufseite,\u00a0Laufkalender und mehr runinternational.eu &#8211;\u00a0Europa-Laufkalender\u00a0in Englisch Laufen.de &#8211;\u00a0Training mit DLV Laufkalender &#8230;<\/p>\n","protected":false},"author":1,"featured_media":0,"parent":0,"menu_order":0,"comment_status":"closed","ping_status":"closed","template":"","meta":{"footnotes":""},"class_list":["post-1935","page","type-page","status-publish","hentry"],"_links":{"self":[{"href":"http:\/\/luebecker-bucht-lokal.de\/ostseelauf\/wp-json\/wp\/v2\/pages\/1935","targetHints":{"allow":["GET"]}}],"collection":[{"href":"http:\/\/luebecker-bucht-lokal.de\/ostseelauf\/wp-json\/wp\/v2\/pages"}],"about":[{"href":"http:\/\/luebecker-bucht-lokal.de\/ostseelauf\/wp-json\/wp\/v2\/types\/page"}],"author":[{"embeddable":true,"href":"http:\/\/luebecker-bucht-lokal.de\/ostseelauf\/wp-json\/wp\/v2\/users\/1"}],"replies":[{"embeddable":true,"href":"http:\/\/luebecker-bucht-lokal.de\/ostseelauf\/wp-json\/wp\/v2\/comments?post=1935"}],"version-history":[{"count":10,"href":"http:\/\/luebecker-bucht-lokal.de\/ostseelauf\/wp-json\/wp\/v2\/pages\/1935\/revisions"}],"predecessor-version":[{"id":2755,"href":"http:\/\/luebecker-bucht-lokal.de\/ostseelauf\/wp-json\/wp\/v2\/pages\/1935\/revisions\/2755"}],"wp:attachment":[{"href":"http:\/\/luebecker-bucht-lokal.de\/ostseelauf\/wp-json\/wp\/v2\/media?parent=1935"}],"curies":[{"name":"wp","href":"https:\/\/api.w.org\/{rel}","templated":true}]}}