{"id":1434,"date":"2017-09-19T16:03:22","date_gmt":"2017-09-19T14:03:22","guid":{"rendered":"http:\/\/luebecker-bucht-lokal.de\/ostseelauf\/?page_id=1434"},"modified":"2022-01-04T20:23:34","modified_gmt":"2022-01-04T19:23:34","slug":"nordic-walking-nur-mit-stoecken","status":"publish","type":"page","link":"http:\/\/luebecker-bucht-lokal.de\/ostseelauf\/nordic-walking-nur-mit-stoecken\/","title":{"rendered":"Nordic-Walking (nur mit St\u00f6cken)"},"content":{"rendered":"<p><strong>L\u00e4nge:\u00a0<\/strong>5 km<\/p>\n<p><strong>Start: <\/strong>ca. 12:30 Uhr ab Seebr\u00fcckenvorplatz<\/p>\n<p><strong>Alter: <\/strong>alle Jahrg\u00e4nge\u00a0(keine Altersbegrenzung)<\/p>\n<p><strong>Startgeb\u00fchr:\u00a0<\/strong>Erwachsene 10,&#8211; \u20ac |\u00a0 Jugend\/Sch\u00fcler*innen 6,&#8211; \u20ac<\/p>\n<p><strong>Siegerehrung:\u00a0<\/strong>Beim Zieleinlauf erh\u00e4lt jeder Teilnehmer eine Medaille.<\/p>\n<p>Urkunden k\u00f6nnen f\u00fcr alle Veranstaltungen online abgerufen werden.<\/p>\n","protected":false},"excerpt":{"rendered":"<p>L\u00e4nge:\u00a05 km Start: ca. 12:30 Uhr ab Seebr\u00fcckenvorplatz Alter: alle Jahrg\u00e4nge\u00a0(keine Altersbegrenzung) Startgeb\u00fchr:\u00a0Erwachsene 10,&#8211; \u20ac |\u00a0 Jugend\/Sch\u00fcler*innen 6,&#8211; \u20ac Siegerehrung:\u00a0Beim Zieleinlauf erh\u00e4lt jeder Teilnehmer eine Medaille. Urkunden k\u00f6nnen f\u00fcr alle &#8230;<\/p>\n","protected":false},"author":1,"featured_media":0,"parent":0,"menu_order":0,"comment_status":"closed","ping_status":"closed","template":"","meta":{"footnotes":""},"class_list":["post-1434","page","type-page","status-publish","hentry"],"_links":{"self":[{"href":"http:\/\/luebecker-bucht-lokal.de\/ostseelauf\/wp-json\/wp\/v2\/pages\/1434","targetHints":{"allow":["GET"]}}],"collection":[{"href":"http:\/\/luebecker-bucht-lokal.de\/ostseelauf\/wp-json\/wp\/v2\/pages"}],"about":[{"href":"http:\/\/luebecker-bucht-lokal.de\/ostseelauf\/wp-json\/wp\/v2\/types\/page"}],"author":[{"embeddable":true,"href":"http:\/\/luebecker-bucht-lokal.de\/ostseelauf\/wp-json\/wp\/v2\/users\/1"}],"replies":[{"embeddable":true,"href":"http:\/\/luebecker-bucht-lokal.de\/ostseelauf\/wp-json\/wp\/v2\/comments?post=1434"}],"version-history":[{"count":9,"href":"http:\/\/luebecker-bucht-lokal.de\/ostseelauf\/wp-json\/wp\/v2\/pages\/1434\/revisions"}],"predecessor-version":[{"id":2567,"href":"http:\/\/luebecker-bucht-lokal.de\/ostseelauf\/wp-json\/wp\/v2\/pages\/1434\/revisions\/2567"}],"wp:attachment":[{"href":"http:\/\/luebecker-bucht-lokal.de\/ostseelauf\/wp-json\/wp\/v2\/media?parent=1434"}],"curies":[{"name":"wp","href":"https:\/\/api.w.org\/{rel}","templated":true}]}}