{"id":7,"date":"2017-03-05T20:27:03","date_gmt":"2017-03-05T19:27:03","guid":{"rendered":"http:\/\/luebecker-bucht-lokal.de\/latido\/?page_id=7"},"modified":"2023-11-03T08:20:42","modified_gmt":"2023-11-03T07:20:42","slug":"startseite","status":"publish","type":"page","link":"http:\/\/luebecker-bucht-lokal.de\/latido\/","title":{"rendered":"Alle Menschen k\u00f6nnen singen, alle!"},"content":{"rendered":"<h2>Singen verbindet, Singen ist grenzenlos. Gemeinsames Singen macht gl\u00fccklich.<\/h2>\n<p>Im Chor LaTiDo singen seit Februar 2016 B\u00fcrger und Gefl\u00fcchtete miteinander.\u00a0\u00a0In fr\u00f6hlicher und lockerer Atmosph\u00e4re werden internationale Popsongs interpretiert.<\/p>\n<p>Gelernt wird nat\u00fcrlich auch, so wird beispielsweise Stimmbildung und Atemtechnik vermittelt. Texte werden in vielen Sprachen gelernt wie z.B. englisch, arabisch, afghanisch, italienisch und kurdisch.<\/p>\n<p><strong>Neue Stimmen sind jederzeit willkommen!<\/strong><\/p>\n","protected":false},"excerpt":{"rendered":"<p>Singen verbindet, Singen ist grenzenlos. Gemeinsames Singen macht gl\u00fccklich. Im Chor LaTiDo singen seit Februar 2016 B\u00fcrger und Gefl\u00fcchtete miteinander.\u00a0\u00a0In fr\u00f6hlicher und lockerer Atmosph\u00e4re werden internationale Popsongs interpretiert. Gelernt wird nat\u00fcrlich auch, so wird beispielsweise Stimmbildung und Atemtechnik vermittelt. Texte werden in vielen Sprachen gelernt wie z.B. englisch, arabisch, afghanisch, italienisch und kurdisch. Neue Stimmen &hellip; <\/p>\n<p class=\"link-more\"><a href=\"http:\/\/luebecker-bucht-lokal.de\/latido\/\" class=\"more-link\"><span class=\"screen-reader-text\">\u201eAlle Menschen k\u00f6nnen singen, alle!\u201c<\/span> weiterlesen<\/a><\/p>\n","protected":false},"author":1,"featured_media":310,"parent":0,"menu_order":0,"comment_status":"closed","ping_status":"closed","template":"","meta":{"footnotes":""},"class_list":["post-7","page","type-page","status-publish","has-post-thumbnail","hentry"],"_links":{"self":[{"href":"http:\/\/luebecker-bucht-lokal.de\/latido\/wp-json\/wp\/v2\/pages\/7","targetHints":{"allow":["GET"]}}],"collection":[{"href":"http:\/\/luebecker-bucht-lokal.de\/latido\/wp-json\/wp\/v2\/pages"}],"about":[{"href":"http:\/\/luebecker-bucht-lokal.de\/latido\/wp-json\/wp\/v2\/types\/page"}],"author":[{"embeddable":true,"href":"http:\/\/luebecker-bucht-lokal.de\/latido\/wp-json\/wp\/v2\/users\/1"}],"replies":[{"embeddable":true,"href":"http:\/\/luebecker-bucht-lokal.de\/latido\/wp-json\/wp\/v2\/comments?post=7"}],"version-history":[{"count":6,"href":"http:\/\/luebecker-bucht-lokal.de\/latido\/wp-json\/wp\/v2\/pages\/7\/revisions"}],"predecessor-version":[{"id":168,"href":"http:\/\/luebecker-bucht-lokal.de\/latido\/wp-json\/wp\/v2\/pages\/7\/revisions\/168"}],"wp:featuredmedia":[{"embeddable":true,"href":"http:\/\/luebecker-bucht-lokal.de\/latido\/wp-json\/wp\/v2\/media\/310"}],"wp:attachment":[{"href":"http:\/\/luebecker-bucht-lokal.de\/latido\/wp-json\/wp\/v2\/media?parent=7"}],"curies":[{"name":"wp","href":"https:\/\/api.w.org\/{rel}","templated":true}]}}