{"id":1516,"date":"2018-07-14T13:57:02","date_gmt":"2018-07-14T11:57:02","guid":{"rendered":"http:\/\/luebecker-bucht-lokal.de\/helferboerse-timmendorfer-strand\/?page_id=1516"},"modified":"2018-07-14T23:54:43","modified_gmt":"2018-07-14T21:54:43","slug":"rahmenbedingungen-fuer-die-zusammenarbeit-mit-helfern","status":"publish","type":"page","link":"http:\/\/luebecker-bucht-lokal.de\/helferboerse-timmendorfer-strand\/rahmenbedingungen-fuer-die-zusammenarbeit-mit-helfern\/","title":{"rendered":"Rahmenbedingungen f\u00fcr die Zusammenarbeit mit \u201eHelfern\u201e"},"content":{"rendered":"<p><strong>1. Vorbereitung in Ihrer Einrichtung (Vereine\/Verb\u00e4nde\/ Institutionen)<\/strong><br \/>\nAufgabe:<br \/>\nGibt es in der Organisation einen Ansprechpartner f\u00fcr \u201eHelfer\u201c? Ja\/Nein<!--more--><br \/>\nHaben Sie einen hauptamtlichen Mitarbeiter auf die Zusammenarbeit<br \/>\nmit \u201eHelfern\u201c vorbereitet? Ja\/Nein<br \/>\nIst die geplante Aufgabe interessant gestaltet? Ja\/Nein<br \/>\nStehen den \u201eHelfern\u201c ben\u00f6tigte Arbeitsmaterialien und ein Arbeitsplatz zur Verf\u00fcgung? Ja\/Nein<br \/>\nSind die Modalit\u00e4ten f\u00fcr die Unkostenerstattung gekl\u00e4rt? Ja\/Nein<br \/>\nHaben Sie M\u00f6glichkeiten f\u00fcr die Anerkennung der \u201eHelfer-T\u00e4tigkeit\u201c gefunden? Ja\/Nein<\/p>\n<p><strong>2. In der ersten Zeit: Wie binde ich einen neuen \u201eHelfer\u201c ein?<\/strong><br \/>\nAufgabe:<br \/>\nDie T\u00e4tigkeiten zeigen, Fragen beantworten.<br \/>\nArt und Umfang der T\u00e4tigkeiten kl\u00e4ren.<br \/>\nDie R\u00e4umlichkeiten zeigen.<br \/>\nDie anderen hauptamtlichen oder ehrenamtlichen Mitarbeiter\/innen vorstellen.<br \/>\nZiele und Aufgaben der Organisation (Vereine\/Verb\u00e4nde\/Institution) verst\u00e4ndlich machen.<br \/>\n\u201eSchnupperphase\u201c vereinbaren, einarbeiten.<br \/>\nEine Vereinbarung \u00fcber die gegenseitige Erwartungen treffen (mindestens m\u00fcndlich).<br \/>\nBei Treffen \/ Besprechungen mit \u201eHelfern\u201c f\u00fcr Au\u00dfenstehende Unverst\u00e4ndliche erkl\u00e4ren.<\/p>\n<p><strong>3. Wichtig f\u00fcr die Zusammenarbeit<\/strong><br \/>\nAufgabe:<br \/>\nDie \u201eHelfer\u201c werden in ihrer T\u00e4tigkeit begleitet und bei Bedarf fortgebildet<br \/>\nBei Bedarf werden M\u00f6glichkeiten f\u00fcr den Austausch von \u201eHelfern\u201c untereinander geschaffen.<br \/>\n(zum Beispiel monatliche Treffen)<br \/>\nEs sollten regelm\u00e4\u00dfige Gespr\u00e4che zwischen den \u201eHelfern\u201c und dem Ansprechpartner<br \/>\nstattfinden, um Fragen und Probleme rechtzeitig kl\u00e4ren zu k\u00f6nnen.<br \/>\nDen \u201eHelfern\u201c Ver\u00e4nderungsm\u00f6glichkeiten bieten, gegebenenfalls \u00fcber die \u201eHelferb\u00f6rse\u201c.<\/p>\n","protected":false},"excerpt":{"rendered":"<p>1. Vorbereitung in Ihrer Einrichtung (Vereine\/Verb\u00e4nde\/ Institutionen) Aufgabe: Gibt es in der Organisation einen Ansprechpartner f\u00fcr \u201eHelfer\u201c? Ja\/Nein<\/p>\n","protected":false},"author":1,"featured_media":0,"parent":0,"menu_order":0,"comment_status":"closed","ping_status":"closed","template":"","meta":{"footnotes":""},"class_list":["post-1516","page","type-page","status-publish","hentry"],"_links":{"self":[{"href":"http:\/\/luebecker-bucht-lokal.de\/helferboerse-timmendorfer-strand\/wp-json\/wp\/v2\/pages\/1516","targetHints":{"allow":["GET"]}}],"collection":[{"href":"http:\/\/luebecker-bucht-lokal.de\/helferboerse-timmendorfer-strand\/wp-json\/wp\/v2\/pages"}],"about":[{"href":"http:\/\/luebecker-bucht-lokal.de\/helferboerse-timmendorfer-strand\/wp-json\/wp\/v2\/types\/page"}],"author":[{"embeddable":true,"href":"http:\/\/luebecker-bucht-lokal.de\/helferboerse-timmendorfer-strand\/wp-json\/wp\/v2\/users\/1"}],"replies":[{"embeddable":true,"href":"http:\/\/luebecker-bucht-lokal.de\/helferboerse-timmendorfer-strand\/wp-json\/wp\/v2\/comments?post=1516"}],"version-history":[{"count":2,"href":"http:\/\/luebecker-bucht-lokal.de\/helferboerse-timmendorfer-strand\/wp-json\/wp\/v2\/pages\/1516\/revisions"}],"predecessor-version":[{"id":1561,"href":"http:\/\/luebecker-bucht-lokal.de\/helferboerse-timmendorfer-strand\/wp-json\/wp\/v2\/pages\/1516\/revisions\/1561"}],"wp:attachment":[{"href":"http:\/\/luebecker-bucht-lokal.de\/helferboerse-timmendorfer-strand\/wp-json\/wp\/v2\/media?parent=1516"}],"curies":[{"name":"wp","href":"https:\/\/api.w.org\/{rel}","templated":true}]}}