{"id":1486,"date":"2018-07-14T12:47:42","date_gmt":"2018-07-14T10:47:42","guid":{"rendered":"http:\/\/luebecker-bucht-lokal.de\/helferboerse-timmendorfer-strand\/?page_id=1486"},"modified":"2018-07-15T08:32:02","modified_gmt":"2018-07-15T06:32:02","slug":"checkliste-fuer-freiwillige","status":"publish","type":"page","link":"http:\/\/luebecker-bucht-lokal.de\/helferboerse-timmendorfer-strand\/checkliste-fuer-freiwillige\/","title":{"rendered":"Checkliste f\u00fcr Freiwillige"},"content":{"rendered":"<p><strong>Wie finde ich f\u00fcr mich das richtige Engagement?<br \/>\n<\/strong><strong>Was muss ich wissen, wenn ich mich freiwillig engagieren m\u00f6chte?<\/strong><\/p>\n<p>Mein Selbstverst\u00e4ndnis als Freiwillige\/Freiwilliger:<br \/>\nWarum will ich mich engagieren?<!--more--><\/p>\n<p>Was m\u00f6chte ich mit dem Engagement erreichen?<br \/>\n<strong>F\u00fcr mich pers\u00f6nlich und inhaltlich.<\/strong><\/p>\n<p>Worum geht es mir vor allem, um ein Thema, um den Kontakt mit anderen, um die Hilfe \/ Unterst\u00fctzung\u00a0Anderer? Was macht mir Freude und Spa\u00df?\u00a0Was interessiert mich am meisten?<br \/>\n<strong>Migranten, \u00e4ltere Menschen, Kinder, Jugendliche, Kultur, Sport pp. !<\/strong><\/p>\n<p>Welche Art von T\u00e4tigkeit suche ich \u2013 Begleitung, Betreuung, Hilfestellung, pp. ?<br \/>\nDie T\u00e4tigkeit sollte zu mir passen!<\/p>\n<p>Was kann ich gut?<br \/>\n<strong>Denn nur was man gerne tut, macht man auch gut!<\/strong><\/p>\n<p>Was m\u00f6chte ich nicht tun?<br \/>\nWelche Wege bin ich bereit, in Kauf zu nehmen?<br \/>\nWie viel Zeit m\u00f6chte ich investieren?<\/p>\n<p>Was bringe ich an Vorkenntnissen mit \u2013 Sprache, Erfahrungen, Hobbys?<br \/>\nWelche Erfahrungen habe ich bereits im freiwilligen \/ ehrenamtlichen Bereich?<\/p>\n<p><strong>Worauf habe ich mich einzustellen, was kann mir dort begegnen?<\/strong><\/p>\n<p>Die folgenden praktischen Hinweise sollen Ihnen erleichtern, sich auf Erwartungen und Erfahrungen, die<br \/>\nIhnen begegnen k\u00f6nnen, einzustellen.<br \/>\nJede Organisation (Vereine\/Verb\u00e4nde, Institutionen pp.) hat eine nach au\u00dfen transparente Darstellung<br \/>\nvon Zielen, Leitbildern oder \u00c4hnlichem, die schriftlich zu erhalten sind und eine innere Realit\u00e4t.<\/p>\n<p><strong>Wenn Sie ein Engagementfeld suchen, so pr\u00fcfen Sie:<\/strong><br \/>\nF\u00fchle ich mich hier wohl?<br \/>\nSprechen die Leute eine Sprache, die ich verstehe und die ich erwidern kann?<br \/>\nWerde ich als \u201eHelfer\u201c willkommen gehei\u00dfen und in dieser Rolle akzeptiert?<br \/>\nEmpfinde ich eine Haltung der Wertsch\u00e4tzung?<br \/>\nWird mein Engagement erst genommen oder habe ich den Eindruck, dass ich eine Hilfskraft bin, die nur<br \/>\nlangweilige, unattraktive Sachen machen soll?<br \/>\nInnerhalb einer Organisation gibt es informelle Regeln. Diese sollten Sie kennen, wie werde ich dar\u00fcber<br \/>\ninformiert?<\/p>\n<p><strong>Was muss ich von der Organisation wissen, in der ich mich engagieren m\u00f6chte?<\/strong><\/p>\n<p><strong>Einarbeitung und Begleitung:<\/strong><br \/>\nWer ist verantwortlich f\u00fcr meinen Aufgabenbereich? Wer arbeitet mich ein?<br \/>\nWer ist mein Ansprechpartner\/in? Wer begleitet oder unterst\u00fctzt mich wie?<br \/>\nWie lange dauert die Einarbeitungszeit? In welche T\u00e4tigkeiten werde ich eingearbeitet?<br \/>\nWelche Formen hat die Begleitung durch meine\/n Ansprechpartner\/in?<\/p>\n<p><strong>Art und Umfang des Engagements:<\/strong><br \/>\nIn welchem Arbeitsfeld werde ich t\u00e4tig sein? Was sind meine genauen Aufgaben?<br \/>\nWelche Arbeitszeiten sind vorgesehen? Wie viele Stunden kann\/m\u00f6chte ich aufwenden?<br \/>\n\u00dcber welchen Zeitraum will ich mich engagieren?<\/p>\n<p><strong>Versicherungsschutz:<\/strong><br \/>\nIst der Versicherungsschutz (Haftpflicht\/Unfall) sicher gestellt?<br \/>\nGibt es andere Versicherungen? Gibt es einen Handzettel zum Versicherungsschutz?<br \/>\nWas mu\u00df ich f\u00fcr den Schadensfall wissen (an wen melden, welche Fristen)?<\/p>\n<p><strong>Rahmenbedingungen:<\/strong><br \/>\nWelche Gestaltungsm\u00f6glichkeiten habe ich als Freiwilliger (Befugnisse, Freiheiten, Grenzen)?<br \/>\nAn wen wende ich mich in Konfliktf\u00e4llen?<br \/>\nWerden T\u00e4tigkeitsnachweise \/ Zeugnisse ausgestellt? Wer ist hierf\u00fcr zust\u00e4ndig?<br \/>\nMuss ich Mitglied werden?<br \/>\nWie kann ich meine T\u00e4tigkeit beenden?<\/p>\n<p><strong>Fortbildung und Schulung:<\/strong><br \/>\nBesteht die M\u00f6glichkeit, mich weiter zu bilden? \u00dcbernimmt der Tr\u00e4ger die Kosten?<br \/>\nWen muss ich f\u00fcr eventuelle Weiterbildungsma\u00dfnahmen ansprechen?<\/p>\n<p><strong>Kostenerstattung:<\/strong><br \/>\nWelche Kosten werden mir erstattet? Auf welche Weise erfolgt die Kostenerstattung?<br \/>\nGibt es bei Verzicht auf Kostenerstattung eine Spendenbescheinigung?<\/p>\n","protected":false},"excerpt":{"rendered":"<p>Wie finde ich f\u00fcr mich das richtige Engagement? Was muss ich wissen, wenn ich mich freiwillig engagieren m\u00f6chte? Mein Selbstverst\u00e4ndnis als Freiwillige\/Freiwilliger: Warum will ich mich engagieren?<\/p>\n","protected":false},"author":1,"featured_media":0,"parent":0,"menu_order":0,"comment_status":"closed","ping_status":"closed","template":"","meta":{"footnotes":""},"class_list":["post-1486","page","type-page","status-publish","hentry"],"_links":{"self":[{"href":"http:\/\/luebecker-bucht-lokal.de\/helferboerse-timmendorfer-strand\/wp-json\/wp\/v2\/pages\/1486","targetHints":{"allow":["GET"]}}],"collection":[{"href":"http:\/\/luebecker-bucht-lokal.de\/helferboerse-timmendorfer-strand\/wp-json\/wp\/v2\/pages"}],"about":[{"href":"http:\/\/luebecker-bucht-lokal.de\/helferboerse-timmendorfer-strand\/wp-json\/wp\/v2\/types\/page"}],"author":[{"embeddable":true,"href":"http:\/\/luebecker-bucht-lokal.de\/helferboerse-timmendorfer-strand\/wp-json\/wp\/v2\/users\/1"}],"replies":[{"embeddable":true,"href":"http:\/\/luebecker-bucht-lokal.de\/helferboerse-timmendorfer-strand\/wp-json\/wp\/v2\/comments?post=1486"}],"version-history":[{"count":5,"href":"http:\/\/luebecker-bucht-lokal.de\/helferboerse-timmendorfer-strand\/wp-json\/wp\/v2\/pages\/1486\/revisions"}],"predecessor-version":[{"id":1576,"href":"http:\/\/luebecker-bucht-lokal.de\/helferboerse-timmendorfer-strand\/wp-json\/wp\/v2\/pages\/1486\/revisions\/1576"}],"wp:attachment":[{"href":"http:\/\/luebecker-bucht-lokal.de\/helferboerse-timmendorfer-strand\/wp-json\/wp\/v2\/media?parent=1486"}],"curies":[{"name":"wp","href":"https:\/\/api.w.org\/{rel}","templated":true}]}}