{"id":1345,"date":"2018-07-11T19:15:11","date_gmt":"2018-07-11T17:15:11","guid":{"rendered":"http:\/\/luebecker-bucht-lokal.de\/helferboerse-timmendorfer-strand\/?page_id=1345"},"modified":"2018-07-14T13:29:37","modified_gmt":"2018-07-14T11:29:37","slug":"was-wollen-wir","status":"publish","type":"page","link":"http:\/\/luebecker-bucht-lokal.de\/helferboerse-timmendorfer-strand\/was-wollen-wir\/","title":{"rendered":"Was wollen wir ?"},"content":{"rendered":"<p>Der Seniorenbeirat der hiesigen Gemeinde ruft eine Helferb\u00f6rse in\u00b4s Leben, um damit zun\u00e4chst einmal unsere Kommune bei der Bew\u00e4ltigung ihrer schwierigen Aufgabe bei der Unterbringung, Betreuung, Begleitung pp. der ihr zugewiesen Fl\u00fcchtlinge zu unterst\u00fctzen.<\/p>\n<p><strong>Wir wollen damit auch das ehrenamtliche und b\u00fcrgerschaftliche Engagement der B\u00fcrger\/innen in unserer Gemeinde st\u00e4rken.<\/strong><br \/>\nWir vermitteln generations\u00fcbergreifend und kostenfrei ehrenamtliche T\u00e4tigkeiten\u00a0zun\u00e4chst einmal f\u00fcr den o. g. und zu einem sp\u00e4teren Zeitpunkt f\u00fcr alle gesellschaftlichen Bereiche.<br \/>\nWir kooperieren mit allen Organisationen, Vereinen, Initiativen und Projekten, die dem Gemeinwohl verpflichtet sind und ehrenamtliche Mitarbeiter\/innen suchen und einsetzen.<br \/>\nWir planen und unterst\u00fctzen Projekte zur F\u00f6rderung des Ehrenamtes und organisieren Veranstaltungen rund um das Ehrenamt.<br \/>\n<strong>Haben Sie selber Ideen, zum Beispiel: Lesepaten, Patenschaften?<\/strong><br \/>\nKommen Sie zu uns, sagen Sie uns welche Interessen Sie haben, welche eigenen Vorstellungen oder auch welche eigene Initiativen Sie einbringen wollen.\u00a0Wir werden gemeinsam mit Ihnen ein f\u00fcr Sie passendes Engagement finden oder Sie bei der Umsetzung Ihrer Idee unterst\u00fctzen.<\/p>\n<p>Teilen Sie uns \u201eIhre Idee\u201c mit.\u00a0Helfer, die sich ehrenamtlich engagieren wollen, finden unter \u201eHelfer\u201c weitere Informationen.\u00a0Organisationen, die ehrenamtliche Helfer suchen, finden unter \u201eOrganisationen\u201c weitere Informationen.<\/p>\n","protected":false},"excerpt":{"rendered":"<p>Der Seniorenbeirat der hiesigen Gemeinde ruft eine Helferb\u00f6rse in\u00b4s Leben, um damit zun\u00e4chst einmal unsere Kommune bei der Bew\u00e4ltigung ihrer schwierigen Aufgabe bei der Unterbringung, Betreuung, Begleitung pp. der ihr &#8230;<\/p>\n","protected":false},"author":1,"featured_media":1510,"parent":0,"menu_order":0,"comment_status":"closed","ping_status":"closed","template":"","meta":{"footnotes":""},"class_list":["post-1345","page","type-page","status-publish","has-post-thumbnail","hentry"],"_links":{"self":[{"href":"http:\/\/luebecker-bucht-lokal.de\/helferboerse-timmendorfer-strand\/wp-json\/wp\/v2\/pages\/1345","targetHints":{"allow":["GET"]}}],"collection":[{"href":"http:\/\/luebecker-bucht-lokal.de\/helferboerse-timmendorfer-strand\/wp-json\/wp\/v2\/pages"}],"about":[{"href":"http:\/\/luebecker-bucht-lokal.de\/helferboerse-timmendorfer-strand\/wp-json\/wp\/v2\/types\/page"}],"author":[{"embeddable":true,"href":"http:\/\/luebecker-bucht-lokal.de\/helferboerse-timmendorfer-strand\/wp-json\/wp\/v2\/users\/1"}],"replies":[{"embeddable":true,"href":"http:\/\/luebecker-bucht-lokal.de\/helferboerse-timmendorfer-strand\/wp-json\/wp\/v2\/comments?post=1345"}],"version-history":[{"count":5,"href":"http:\/\/luebecker-bucht-lokal.de\/helferboerse-timmendorfer-strand\/wp-json\/wp\/v2\/pages\/1345\/revisions"}],"predecessor-version":[{"id":1511,"href":"http:\/\/luebecker-bucht-lokal.de\/helferboerse-timmendorfer-strand\/wp-json\/wp\/v2\/pages\/1345\/revisions\/1511"}],"wp:featuredmedia":[{"embeddable":true,"href":"http:\/\/luebecker-bucht-lokal.de\/helferboerse-timmendorfer-strand\/wp-json\/wp\/v2\/media\/1510"}],"wp:attachment":[{"href":"http:\/\/luebecker-bucht-lokal.de\/helferboerse-timmendorfer-strand\/wp-json\/wp\/v2\/media?parent=1345"}],"curies":[{"name":"wp","href":"https:\/\/api.w.org\/{rel}","templated":true}]}}